{"id":550,"date":"2026-01-23T12:37:48","date_gmt":"2026-01-23T15:37:48","guid":{"rendered":"https:\/\/previa.sobratafe.com.br\/?page_id=550"},"modified":"2026-01-27T15:24:07","modified_gmt":"2026-01-27T18:24:07","slug":"curso-multidisciplinar-tratamento-medio-e-grande-queimado","status":"publish","type":"page","link":"https:\/\/previa.sobratafe.com.br\/en\/cursos\/curso-multidisciplinar-tratamento-medio-e-grande-queimado\/","title":{"rendered":"Multidisciplinary Course on the Treatment of Medium and Large Burn Victims"},"content":{"rendered":"<div class=\"wpb-content-wrapper\"><div data-vc-full-width=\"true\" data-vc-full-width-temp=\"true\" data-vc-full-width-init=\"false\" class=\"vc_row wpb_row vc_row-fluid vc_custom_1769538243013 vc_row-has-fill\"><div class=\"wpb_column vc_column_container vc_col-sm-6\"><div class=\"vc_column-inner\"><div class=\"wpb_wrapper\">\n\t<div class=\"wpb_text_column wpb_content_element\" >\n\t\t<div class=\"wpb_wrapper\">\n\t\t\t<h2 class=\"text-primary\">Multidisciplinary Course on the Treatment of Medium and Large Burn Victims<\/h2>\n<h5><strong>Date:<\/strong> <strong>February 28, 2026.<\/strong><\/h5>\n<p><strong>Location:<\/strong> online (live via Zoom)<\/p>\n<h4>Save the Date<\/h4>\n\n\t\t<\/div>\n\t<\/div>\n<\/div><\/div><\/div><div class=\"wpb_column vc_column_container vc_col-sm-6\"><div class=\"vc_column-inner\"><div class=\"wpb_wrapper\">\n\t<div  class=\"wpb_single_image wpb_content_element vc_align_left wpb_content_element  img-destaque-eventos\">\n\t\t\n\t\t<figure class=\"wpb_wrapper vc_figure\">\n\t\t\t<div class=\"vc_single_image-wrapper   vc_box_border_grey\"><img loading=\"lazy\" decoding=\"async\" width=\"1181\" height=\"1181\" src=\"https:\/\/previa.sobratafe.com.br\/wp-content\/uploads\/2026\/01\/curso-tratamento-medio-grande-queimado-280226.jpeg\" class=\"vc_single_image-img attachment-full\" alt=\"\" title=\"Multidisciplinary Course on the Treatment of Medium and Large Burn Victims\" srcset=\"https:\/\/previa.sobratafe.com.br\/wp-content\/uploads\/2026\/01\/curso-tratamento-medio-grande-queimado-280226.jpeg 1181w, https:\/\/previa.sobratafe.com.br\/wp-content\/uploads\/2026\/01\/curso-tratamento-medio-grande-queimado-280226-300x300.jpeg 300w, https:\/\/previa.sobratafe.com.br\/wp-content\/uploads\/2026\/01\/curso-tratamento-medio-grande-queimado-280226-1024x1024.jpeg 1024w, https:\/\/previa.sobratafe.com.br\/wp-content\/uploads\/2026\/01\/curso-tratamento-medio-grande-queimado-280226-150x150.jpeg 150w, https:\/\/previa.sobratafe.com.br\/wp-content\/uploads\/2026\/01\/curso-tratamento-medio-grande-queimado-280226-768x768.jpeg 768w\" sizes=\"auto, (max-width: 1181px) 100vw, 1181px\" \/><\/div>\n\t\t<\/figure>\n\t<\/div>\n<\/div><\/div><\/div><\/div><div class=\"vc_row-full-width vc_clearfix\"><\/div>\n<\/div>","protected":false},"excerpt":{"rendered":"Curso Multidisciplinar de Tratamento do M\u00e9dio e Grande Queimado Data: 28 de fevereiro de 2026. Local: online (ao vivo atrav\u00e9s do Zoom) Save the Date","protected":false},"author":1,"featured_media":396,"parent":275,"menu_order":0,"comment_status":"closed","ping_status":"closed","template":"","meta":{"footnotes":""},"class_list":["post-550","page","type-page","status-publish","has-post-thumbnail","hentry"],"yoast_head":"<!-- This site is optimized with the Yoast SEO plugin v26.7 - https:\/\/yoast.com\/wordpress\/plugins\/seo\/ -->\n<title>Curso Multidisciplinar de Tratamento do M\u00e9dio e Grande Queimado - Sobratafe - Sociedade Brasileira de Tratamento Avan\u00e7ado em Feridas<\/title>\n<meta name=\"description\" content=\"Oportunidade \u00fanica para aprofundar conhecimentos em cuidados com feridas e queimaduras de m\u00e9dio e grande porte com m\u00e9dicos especialistas\" \/>\n<meta name=\"robots\" content=\"noindex, follow, max-snippet:-1, max-image-preview:large, max-video-preview:-1\" \/>\n<meta property=\"og:locale\" content=\"en_US\" \/>\n<meta property=\"og:type\" content=\"article\" \/>\n<meta property=\"og:title\" content=\"Curso Multidisciplinar de Tratamento do M\u00e9dio e Grande Queimado - Sobratafe - Sociedade Brasileira de Tratamento Avan\u00e7ado em Feridas\" \/>\n<meta property=\"og:description\" content=\"Oportunidade \u00fanica para aprofundar conhecimentos em cuidados com feridas e queimaduras de m\u00e9dio e grande porte com m\u00e9dicos especialistas\" \/>\n<meta property=\"og:url\" content=\"https:\/\/previa.sobratafe.com.br\/en\/cursos\/curso-multidisciplinar-tratamento-medio-e-grande-queimado\/\" \/>\n<meta property=\"og:site_name\" content=\"Sobratafe - Sociedade Brasileira de Tratamento Avan\u00e7ado em Feridas\" \/>\n<meta property=\"article:publisher\" content=\"https:\/\/www.facebook.com\/sobratafe\" \/>\n<meta property=\"article:modified_time\" content=\"2026-01-27T18:24:07+00:00\" \/>\n<meta property=\"og:image\" content=\"https:\/\/previa.sobratafe.com.br\/wp-content\/uploads\/2026\/01\/teaser-internas.png\" \/>\n\t<meta property=\"og:image:width\" content=\"2133\" \/>\n\t<meta property=\"og:image:height\" content=\"640\" \/>\n\t<meta property=\"og:image:type\" content=\"image\/png\" \/>\n<meta name=\"twitter:card\" content=\"summary_large_image\" \/>\n<meta name=\"twitter:label1\" content=\"Est. reading time\" \/>\n\t<meta name=\"twitter:data1\" content=\"1 minute\" \/>\n<script type=\"application\/ld+json\" class=\"yoast-schema-graph\">{\"@context\":\"https:\/\/schema.org\",\"@graph\":[{\"@type\":\"WebPage\",\"@id\":\"https:\/\/previa.sobratafe.com.br\/cursos\/curso-multidisciplinar-tratamento-medio-e-grande-queimado\/\",\"url\":\"https:\/\/previa.sobratafe.com.br\/cursos\/curso-multidisciplinar-tratamento-medio-e-grande-queimado\/\",\"name\":\"Curso Multidisciplinar de Tratamento do M\u00e9dio e Grande Queimado - Sobratafe - Sociedade Brasileira de Tratamento Avan\u00e7ado em Feridas\",\"isPartOf\":{\"@id\":\"https:\/\/previa.sobratafe.com.br\/#website\"},\"primaryImageOfPage\":{\"@id\":\"https:\/\/previa.sobratafe.com.br\/cursos\/curso-multidisciplinar-tratamento-medio-e-grande-queimado\/#primaryimage\"},\"image\":{\"@id\":\"https:\/\/previa.sobratafe.com.br\/cursos\/curso-multidisciplinar-tratamento-medio-e-grande-queimado\/#primaryimage\"},\"thumbnailUrl\":\"https:\/\/previa.sobratafe.com.br\/wp-content\/uploads\/2026\/01\/teaser-internas.png\",\"datePublished\":\"2026-01-23T15:37:48+00:00\",\"dateModified\":\"2026-01-27T18:24:07+00:00\",\"description\":\"Oportunidade \u00fanica para aprofundar conhecimentos em cuidados com feridas e queimaduras de m\u00e9dio e grande porte com m\u00e9dicos especialistas\",\"breadcrumb\":{\"@id\":\"https:\/\/previa.sobratafe.com.br\/cursos\/curso-multidisciplinar-tratamento-medio-e-grande-queimado\/#breadcrumb\"},\"inLanguage\":\"en-US\",\"potentialAction\":[{\"@type\":\"ReadAction\",\"target\":[\"https:\/\/previa.sobratafe.com.br\/cursos\/curso-multidisciplinar-tratamento-medio-e-grande-queimado\/\"]}]},{\"@type\":\"ImageObject\",\"inLanguage\":\"en-US\",\"@id\":\"https:\/\/previa.sobratafe.com.br\/cursos\/curso-multidisciplinar-tratamento-medio-e-grande-queimado\/#primaryimage\",\"url\":\"https:\/\/previa.sobratafe.com.br\/wp-content\/uploads\/2026\/01\/teaser-internas.png\",\"contentUrl\":\"https:\/\/previa.sobratafe.com.br\/wp-content\/uploads\/2026\/01\/teaser-internas.png\",\"width\":2133,\"height\":640},{\"@type\":\"BreadcrumbList\",\"@id\":\"https:\/\/previa.sobratafe.com.br\/cursos\/curso-multidisciplinar-tratamento-medio-e-grande-queimado\/#breadcrumb\",\"itemListElement\":[{\"@type\":\"ListItem\",\"position\":1,\"name\":\"In\u00edcio\",\"item\":\"https:\/\/previa.sobratafe.com.br\/\"},{\"@type\":\"ListItem\",\"position\":2,\"name\":\"Cursos\",\"item\":\"https:\/\/previa.sobratafe.com.br\/cursos\/\"},{\"@type\":\"ListItem\",\"position\":3,\"name\":\"Curso Multidisciplinar de Tratamento do M\u00e9dio e Grande Queimado\"}]},{\"@type\":\"WebSite\",\"@id\":\"https:\/\/previa.sobratafe.com.br\/#website\",\"url\":\"https:\/\/previa.sobratafe.com.br\/\",\"name\":\"SOBRATAFE - Sociedade Brasileira de Tratamento Avan\u00e7ado em Feridas\",\"description\":\"Organiza\u00e7\u00e3o de refer\u00eancia para a preven\u00e7\u00e3o e o tratamento de feridas no Brasil, comprometida com o aprimoramento do tratamento de feridas para profissionais por meio da educa\u00e7\u00e3o e da pesquisa\",\"publisher\":{\"@id\":\"https:\/\/previa.sobratafe.com.br\/#organization\"},\"alternateName\":\"SOBRATAFE\",\"potentialAction\":[{\"@type\":\"SearchAction\",\"target\":{\"@type\":\"EntryPoint\",\"urlTemplate\":\"https:\/\/previa.sobratafe.com.br\/?s={search_term_string}\"},\"query-input\":{\"@type\":\"PropertyValueSpecification\",\"valueRequired\":true,\"valueName\":\"search_term_string\"}}],\"inLanguage\":\"en-US\"},{\"@type\":\"Organization\",\"@id\":\"https:\/\/previa.sobratafe.com.br\/#organization\",\"name\":\"SOBRATAFE - Sociedade Brasileira de Tratamento Avan\u00e7ado em Feridas\",\"url\":\"https:\/\/previa.sobratafe.com.br\/\",\"logo\":{\"@type\":\"ImageObject\",\"inLanguage\":\"en-US\",\"@id\":\"https:\/\/previa.sobratafe.com.br\/#\/schema\/logo\/image\/\",\"url\":\"https:\/\/previa.sobratafe.com.br\/wp-content\/uploads\/2026\/01\/logo-sobratafe.jpg\",\"contentUrl\":\"https:\/\/previa.sobratafe.com.br\/wp-content\/uploads\/2026\/01\/logo-sobratafe.jpg\",\"width\":1080,\"height\":435,\"caption\":\"SOBRATAFE - Sociedade Brasileira de Tratamento Avan\u00e7ado em Feridas\"},\"image\":{\"@id\":\"https:\/\/previa.sobratafe.com.br\/#\/schema\/logo\/image\/\"},\"sameAs\":[\"https:\/\/www.facebook.com\/sobratafe\",\"https:\/\/www.linkedin.com\/in\/sobratafe-oficial-938708214\/\",\"https:\/\/www.instagram.com\/sobratafeoficial\/\"]}]}<\/script>\n<!-- \/ Yoast SEO plugin. -->","yoast_head_json":{"title":"Curso Multidisciplinar de Tratamento do M\u00e9dio e Grande Queimado - Sobratafe - Sociedade Brasileira de Tratamento Avan\u00e7ado em Feridas","description":"Oportunidade \u00fanica para aprofundar conhecimentos em cuidados com feridas e queimaduras de m\u00e9dio e grande porte com m\u00e9dicos especialistas","robots":{"index":"noindex","follow":"follow","max-snippet":"max-snippet:-1","max-image-preview":"max-image-preview:large","max-video-preview":"max-video-preview:-1"},"og_locale":"en_US","og_type":"article","og_title":"Curso Multidisciplinar de Tratamento do M\u00e9dio e Grande Queimado - Sobratafe - Sociedade Brasileira de Tratamento Avan\u00e7ado em Feridas","og_description":"Oportunidade \u00fanica para aprofundar conhecimentos em cuidados com feridas e queimaduras de m\u00e9dio e grande porte com m\u00e9dicos especialistas","og_url":"https:\/\/previa.sobratafe.com.br\/en\/cursos\/curso-multidisciplinar-tratamento-medio-e-grande-queimado\/","og_site_name":"Sobratafe - Sociedade Brasileira de Tratamento Avan\u00e7ado em Feridas","article_publisher":"https:\/\/www.facebook.com\/sobratafe","article_modified_time":"2026-01-27T18:24:07+00:00","og_image":[{"width":2133,"height":640,"url":"https:\/\/previa.sobratafe.com.br\/wp-content\/uploads\/2026\/01\/teaser-internas.png","type":"image\/png"}],"twitter_card":"summary_large_image","twitter_misc":{"Est. reading time":"1 minute"},"schema":{"@context":"https:\/\/schema.org","@graph":[{"@type":"WebPage","@id":"https:\/\/previa.sobratafe.com.br\/cursos\/curso-multidisciplinar-tratamento-medio-e-grande-queimado\/","url":"https:\/\/previa.sobratafe.com.br\/cursos\/curso-multidisciplinar-tratamento-medio-e-grande-queimado\/","name":"Curso Multidisciplinar de Tratamento do M\u00e9dio e Grande Queimado - Sobratafe - Sociedade Brasileira de Tratamento Avan\u00e7ado em Feridas","isPartOf":{"@id":"https:\/\/previa.sobratafe.com.br\/#website"},"primaryImageOfPage":{"@id":"https:\/\/previa.sobratafe.com.br\/cursos\/curso-multidisciplinar-tratamento-medio-e-grande-queimado\/#primaryimage"},"image":{"@id":"https:\/\/previa.sobratafe.com.br\/cursos\/curso-multidisciplinar-tratamento-medio-e-grande-queimado\/#primaryimage"},"thumbnailUrl":"https:\/\/previa.sobratafe.com.br\/wp-content\/uploads\/2026\/01\/teaser-internas.png","datePublished":"2026-01-23T15:37:48+00:00","dateModified":"2026-01-27T18:24:07+00:00","description":"Oportunidade \u00fanica para aprofundar conhecimentos em cuidados com feridas e queimaduras de m\u00e9dio e grande porte com m\u00e9dicos especialistas","breadcrumb":{"@id":"https:\/\/previa.sobratafe.com.br\/cursos\/curso-multidisciplinar-tratamento-medio-e-grande-queimado\/#breadcrumb"},"inLanguage":"en-US","potentialAction":[{"@type":"ReadAction","target":["https:\/\/previa.sobratafe.com.br\/cursos\/curso-multidisciplinar-tratamento-medio-e-grande-queimado\/"]}]},{"@type":"ImageObject","inLanguage":"en-US","@id":"https:\/\/previa.sobratafe.com.br\/cursos\/curso-multidisciplinar-tratamento-medio-e-grande-queimado\/#primaryimage","url":"https:\/\/previa.sobratafe.com.br\/wp-content\/uploads\/2026\/01\/teaser-internas.png","contentUrl":"https:\/\/previa.sobratafe.com.br\/wp-content\/uploads\/2026\/01\/teaser-internas.png","width":2133,"height":640},{"@type":"BreadcrumbList","@id":"https:\/\/previa.sobratafe.com.br\/cursos\/curso-multidisciplinar-tratamento-medio-e-grande-queimado\/#breadcrumb","itemListElement":[{"@type":"ListItem","position":1,"name":"In\u00edcio","item":"https:\/\/previa.sobratafe.com.br\/"},{"@type":"ListItem","position":2,"name":"Cursos","item":"https:\/\/previa.sobratafe.com.br\/cursos\/"},{"@type":"ListItem","position":3,"name":"Curso Multidisciplinar de Tratamento do M\u00e9dio e Grande Queimado"}]},{"@type":"WebSite","@id":"https:\/\/previa.sobratafe.com.br\/#website","url":"https:\/\/previa.sobratafe.com.br\/","name":"SOBRATAFE - Sociedade Brasileira de Tratamento Avan\u00e7ado em Feridas","description":"A reference organization for the prevention and treatment of wounds in Brazil, committed to improving wound care for professionals through education and research.","publisher":{"@id":"https:\/\/previa.sobratafe.com.br\/#organization"},"alternateName":"SOBRATAFE","potentialAction":[{"@type":"SearchAction","target":{"@type":"EntryPoint","urlTemplate":"https:\/\/previa.sobratafe.com.br\/?s={search_term_string}"},"query-input":{"@type":"PropertyValueSpecification","valueRequired":true,"valueName":"search_term_string"}}],"inLanguage":"en-US"},{"@type":"Organization","@id":"https:\/\/previa.sobratafe.com.br\/#organization","name":"SOBRATAFE - Sociedade Brasileira de Tratamento Avan\u00e7ado em Feridas","url":"https:\/\/previa.sobratafe.com.br\/","logo":{"@type":"ImageObject","inLanguage":"en-US","@id":"https:\/\/previa.sobratafe.com.br\/#\/schema\/logo\/image\/","url":"https:\/\/previa.sobratafe.com.br\/wp-content\/uploads\/2026\/01\/logo-sobratafe.jpg","contentUrl":"https:\/\/previa.sobratafe.com.br\/wp-content\/uploads\/2026\/01\/logo-sobratafe.jpg","width":1080,"height":435,"caption":"SOBRATAFE - Sociedade Brasileira de Tratamento Avan\u00e7ado em Feridas"},"image":{"@id":"https:\/\/previa.sobratafe.com.br\/#\/schema\/logo\/image\/"},"sameAs":["https:\/\/www.facebook.com\/sobratafe","https:\/\/www.linkedin.com\/in\/sobratafe-oficial-938708214\/","https:\/\/www.instagram.com\/sobratafeoficial\/"]}]}},"_links":{"self":[{"href":"https:\/\/previa.sobratafe.com.br\/en\/wp-json\/wp\/v2\/pages\/550","targetHints":{"allow":["GET"]}}],"collection":[{"href":"https:\/\/previa.sobratafe.com.br\/en\/wp-json\/wp\/v2\/pages"}],"about":[{"href":"https:\/\/previa.sobratafe.com.br\/en\/wp-json\/wp\/v2\/types\/page"}],"author":[{"embeddable":true,"href":"https:\/\/previa.sobratafe.com.br\/en\/wp-json\/wp\/v2\/users\/1"}],"replies":[{"embeddable":true,"href":"https:\/\/previa.sobratafe.com.br\/en\/wp-json\/wp\/v2\/comments?post=550"}],"version-history":[{"count":2,"href":"https:\/\/previa.sobratafe.com.br\/en\/wp-json\/wp\/v2\/pages\/550\/revisions"}],"predecessor-version":[{"id":674,"href":"https:\/\/previa.sobratafe.com.br\/en\/wp-json\/wp\/v2\/pages\/550\/revisions\/674"}],"up":[{"embeddable":true,"href":"https:\/\/previa.sobratafe.com.br\/en\/wp-json\/wp\/v2\/pages\/275"}],"wp:featuredmedia":[{"embeddable":true,"href":"https:\/\/previa.sobratafe.com.br\/en\/wp-json\/wp\/v2\/media\/396"}],"wp:attachment":[{"href":"https:\/\/previa.sobratafe.com.br\/en\/wp-json\/wp\/v2\/media?parent=550"}],"curies":[{"name":"wp","href":"https:\/\/api.w.org\/{rel}","templated":true}]}}