{"id":317,"date":"2026-01-09T15:51:05","date_gmt":"2026-01-09T18:51:05","guid":{"rendered":"https:\/\/previa.sobratafe.com.br\/?page_id=317"},"modified":"2026-01-27T14:56:49","modified_gmt":"2026-01-27T17:56:49","slug":"a-sobratafe","status":"publish","type":"page","link":"https:\/\/previa.sobratafe.com.br\/en\/a-sobratafe\/","title":{"rendered":"SOBRATAFE"},"content":{"rendered":"<div class=\"wpb-content-wrapper\"><div data-vc-full-width=\"true\" data-vc-full-width-temp=\"true\" data-vc-full-width-init=\"false\" class=\"vc_row wpb_row vc_row-fluid\"><div class=\"wpb_column vc_column_container vc_col-sm-6\"><div class=\"vc_column-inner\"><div class=\"wpb_wrapper\">\n\t<div  class=\"wpb_single_image wpb_content_element vc_align_center wpb_content_element vc_custom_1768233230118\">\n\t\t\n\t\t<figure class=\"wpb_wrapper vc_figure\">\n\t\t\t<div class=\"vc_single_image-wrapper   vc_box_border_grey\"><img loading=\"lazy\" decoding=\"async\" width=\"284\" height=\"300\" src=\"https:\/\/previa.sobratafe.com.br\/wp-content\/uploads\/2026\/01\/logo-sobratafe-1-284x300.png\" class=\"vc_single_image-img attachment-medium\" alt=\"\" title=\"SOBRATAFE\" srcset=\"https:\/\/previa.sobratafe.com.br\/wp-content\/uploads\/2026\/01\/logo-sobratafe-1-284x300.png 284w, https:\/\/previa.sobratafe.com.br\/wp-content\/uploads\/2026\/01\/logo-sobratafe-1.png 700w\" sizes=\"auto, (max-width: 284px) 100vw, 284px\" \/><\/div>\n\t\t<\/figure>\n\t<\/div>\n<\/div><\/div><\/div><div class=\"wpb_column vc_column_container vc_col-sm-6\"><div class=\"vc_column-inner vc_custom_1767985128249\"><div class=\"wpb_wrapper\">\n\t<div class=\"wpb_text_column wpb_content_element vc_custom_1767985246268\" >\n\t\t<div class=\"wpb_wrapper\">\n\t\t\t<h2>SOBRATAFE<\/h2>\n\n\t\t<\/div>\n\t<\/div>\n\n\t<div class=\"wpb_text_column wpb_content_element vc_custom_1767985700501\" >\n\t\t<div class=\"wpb_wrapper\">\n\t\t\t<p>We are a multi-professional team working in all areas involved in the treatment and prevention of simple and complex wounds.<br \/>\nEstablishing effective conduct in the treatment and prevention of simple and complex wounds within the various areas of medical practice, promoting health and improving quality of life.<\/p>\n\n\t\t<\/div>\n\t<\/div>\n\n\t<div class=\"wpb_text_column wpb_content_element vc_custom_1767985339066\" >\n\t\t<div class=\"wpb_wrapper\">\n\t\t\t<h3>Mission<\/h3>\n\n\t\t<\/div>\n\t<\/div>\n\n\t<div class=\"wpb_text_column wpb_content_element\" id=\"missao\">\n\t\t<div class=\"wpb_wrapper\">\n\t\t\t<p>A <strong>SOBRATAFE<\/strong> and its members are committed to the following values:<\/p>\n<ul>\n<li><strong>Ethics<\/strong><\/li>\n<li><strong>Social responsibility<\/strong><\/li>\n<li><strong>Innovation<\/strong><\/li>\n<li><strong>Humanization<\/strong><\/li>\n<li><strong>Respect<\/strong><\/li>\n<li><strong>Health promotion<\/strong><\/li>\n<\/ul>\n\n\t\t<\/div>\n\t<\/div>\n\n\t<div class=\"wpb_text_column wpb_content_element vc_custom_1767985300716\" >\n\t\t<div class=\"wpb_wrapper\">\n\t\t\t<h3>Values<\/h3>\n\n\t\t<\/div>\n\t<\/div>\n\n\t<div class=\"wpb_text_column wpb_content_element\" >\n\t\t<div class=\"wpb_wrapper\">\n\t\t\t<p>To be a benchmark in comprehensive care for patients with wounds of any etiology and to promote knowledge through cutting-edge research, allowing permanent access to new technologies.<\/p>\n\n\t\t<\/div>\n\t<\/div>\n<\/div><\/div><\/div><\/div><div class=\"vc_row-full-width vc_clearfix\"><\/div><div data-vc-full-width=\"true\" data-vc-full-width-temp=\"true\" data-vc-full-width-init=\"false\" class=\"vc_row wpb_row vc_row-fluid bg-wave1\"><div class=\"wpb_column vc_column_container vc_col-sm-12\"><div class=\"vc_column-inner\"><div class=\"wpb_wrapper\">\n\t<div class=\"wpb_text_column wpb_content_element\" >\n\t\t<div class=\"wpb_wrapper\">\n\t\t\t<h3>Our Commission<\/h3>\n<table class=\"table table-striped shadow-lg\">\n<tbody>\n<tr>\n<th>Position<\/th>\n<th>Name<\/th>\n<\/tr>\n<tr>\n<td>President<\/td>\n<td>Dr. D\u00e9bora Cristina Sanches Pinto<br \/>\n<em>Brazilian, divorced, Plastic Surgeon<\/em><\/td>\n<\/tr>\n<tr>\n<td>Vice President<\/td>\n<td>Francisco Lopes Moreira Tostes<\/td>\n<\/tr>\n<tr>\n<td>1st Secretary<\/td>\n<td>Dr. Maria Cristina do Valle Freitas Serra<\/td>\n<\/tr>\n<tr>\n<td>2nd Secretary<\/td>\n<td>Rogerio Alexander Sakuma<\/td>\n<\/tr>\n<tr>\n<td>2nd Secretary<\/td>\n<td>Dr. Cristina Chamie El Houmsi<\/td>\n<\/tr>\n<tr>\n<td>1st Treasurer<\/td>\n<td>Dr. David de Souza Gomez<\/td>\n<\/tr>\n<tr>\n<td>2nd Treasurer<\/td>\n<td>Dr. Rog\u00e9rio Mendon\u00e7a de Noronha<\/td>\n<\/tr>\n<tr>\n<td>Scientific Directors<\/td>\n<td>Dr. Marcelo Giovanetti<br \/>\nDr. Marcia Val\u00e9ria \u00c1vila Pereira de Souza Peixoto<\/td>\n<\/tr>\n<\/tbody>\n<\/table>\n\n\t\t<\/div>\n\t<\/div>\n<\/div><\/div><\/div><\/div><div class=\"vc_row-full-width vc_clearfix\"><\/div><div id=\"nossa-historia\" data-vc-full-width=\"true\" data-vc-full-width-temp=\"true\" data-vc-full-width-init=\"false\" class=\"vc_row wpb_row vc_row-fluid bg-wave2\"><div class=\"wpb_column vc_column_container vc_col-sm-12\"><div class=\"vc_column-inner\"><div class=\"wpb_wrapper\">\n\t<div class=\"wpb_text_column wpb_content_element vc_custom_1767985438580\" >\n\t\t<div class=\"wpb_wrapper\">\n\t\t\t<h3>Our history<\/h3>\n\n\t\t<\/div>\n\t<\/div>\n\n\t<div class=\"wpb_text_column wpb_content_element\" >\n\t\t<div class=\"wpb_wrapper\">\n\t\t\t<p>The first seed of the future <strong>SOBRATAFE<\/strong> was planted at the subsequent congresses in Las Vegas (Swac fall and WHS), at the Caesars Palace Hotel. We were a group of seven Brazilians, one of whom was a dermatologist, two plastic surgeons and the others vascular surgeons. Taking part in these highly relevant events, with their extensive and up-to-date content, led us to think about creating a <strong>Society for Advanced Wound Care<\/strong>, We wanted to create an organization that could spread knowledge, be inter- and multidisciplinary, with a medical directorate but embracing all the professionals involved in wound care. So, during the events, we held a small meeting and chose a name. Back in Brazil, we started to move around and it wasn't until 2005 that the organization was actually founded.<\/p>\n<p>We held two small events, one in the ABC region and the other at the Hospital do Servidor Estadual. After that, it was only in 2011 that we were able to really take our dream to the next level. <strong>Sobratafe's First S\u00e3o Paulo Conference<\/strong>, The event, held in \u00c1guas de S\u00e3o Pedro, has already featured international guests such as Dr. Carlos Blanco, Paul Glat, Gustavo Prezzavento, among others.<\/p>\n<p>From then on, we continued with events ranging from smaller days and symposia to much larger international events; 2012, 2013, 2014, 2015, 2017, 2019, all of them in person, but the last ones already translated into English with Latin American, North American and European guests.<br \/>\nWe made great friends and partners in the <strong>SBACV (Brazilian Society of Angiology and Vascular Surgery)<\/strong>, a <strong>ABTPE (Brazilian Foot and Ankle Society)<\/strong> and the incredible <strong>Brazilian Nursing Society, <\/strong>a <strong>SOBENFEE (Brazilian Society of Nursing and Aesthetics)<\/strong>, <strong>SOBEST (Brazilian Society of Stomatherapy)<\/strong> e <strong>SOBENDE (Brazilian Society of Nursing and Dermatology)<\/strong>, in addition to <strong>SBMH (Brazilian Society of Hyperbaric Medicine)<\/strong>. We always had great help and participation from those responsible for <strong>DLS (Diabetic Limb Salvage)<\/strong>, Prof. Cristopher Attinger and Jonh Steinberg.<\/p>\n<p>Also in 2019 we created the <strong>Walter Soares Pinto Award<\/strong>, for scientific work. He was a great man, a plastic surgeon and he supported and participated in all our events until his death in 2020, as well as being my beloved father and encourager.<\/p>\n<p>In 2020, we had to make an emergency adaptation so that the event that had already been scheduled would be completely online because we were living through the COVID 19 pandemic, which led us to hold <strong>our biggest 6-day event in 2021, with over 200 speakers<\/strong> half of them international, all listed in our photos, on an innovative, fully connected platform, with 30 full minutes of discussions all in real time, respecting the time zone of the 30 participating countries. This was the first event to include veterinary medicine and the third to include dentistry. It was a difficult job, but very important. From it, translated and subtitled into 3 languages, Portuguese, Spanish and English, we had the feedback that the English-speaking countries were very happy to be able to really interact, understand and discuss with Latin American speakers, because there was no language barrier. <strong>This event was supported by EWMA<\/strong>.<\/p>\n<p>We've kept going, increasing our participation in events, publications and more recently we've also created the <strong>Paul Glat Award<\/strong> for best academic paper, in honor of this eminent North American plastic surgeon and great friend, who for so many years led the John A. Bostwick Burn and Wound Care Symposium, Maui, Hawaii, USA, which we attended a few times, always with great joy, including at the time of dear Prof. Paul Silverstein.<\/p>\n<p>So, friends, this is part of the story of a group of health professionals who love what they do, often go through difficulties, but continue to write the pages of what happens day by day and dream of a more inclusive tomorrow in advanced wound care. May we be able to reach and help the most remote places, create protocols that are suitable for the most diverse locations and also protocols for rescuing and treating injured and burned animals, as climate change only increases.<\/p>\n<p>So everyone is welcome to learn and teach, exchange knowledge and expand our large family of wound care professionals, always maintaining a strong link with developed countries, which are starting to use new technologies early and encourage us to grow more and more.<\/p>\n<p>We would like to express our enormous gratitude to each and every one of you who is already a part of our history and to those who are yet to come in the future.<\/p>\n\n\t\t<\/div>\n\t<\/div>\n<\/div><\/div><\/div><\/div><div class=\"vc_row-full-width vc_clearfix\"><\/div>\n<\/div>","protected":false},"excerpt":{"rendered":"A SOBRATAFE Somos uma equipe multiprofissional que atua em todas as \u00e1reas das envolvidas no tratamento e preven\u00e7\u00e3o das feridas simples e complexas. Estabelecer condutas eficazes no tratamento e preven\u00e7\u00e3o das feridas simples e complexas dentro das diversas \u00e1reas de atua\u00e7\u00e3o da medicina, promovendo a sa\u00fade e a melhoria da qualidade de vida. Miss\u00e3o A [...]","protected":false},"author":1,"featured_media":396,"parent":0,"menu_order":0,"comment_status":"closed","ping_status":"closed","template":"","meta":{"footnotes":""},"class_list":["post-317","page","type-page","status-publish","has-post-thumbnail","hentry"],"yoast_head":"<!-- This site is optimized with the Yoast SEO plugin v26.7 - https:\/\/yoast.com\/wordpress\/plugins\/seo\/ -->\n<title>A SOBRATAFE - Sobratafe - Sociedade Brasileira de Tratamento Avan\u00e7ado em Feridas<\/title>\n<meta name=\"description\" content=\"Equipe multiprofissional que atua em todas as \u00e1reas das envolvidas no tratamento e preven\u00e7\u00e3o das feridas simples e complexas, com objetivo de estabelecer condutas eficazes no tratamento e preven\u00e7\u00e3o das feridas\" \/>\n<meta name=\"robots\" content=\"noindex, follow, max-snippet:-1, max-image-preview:large, max-video-preview:-1\" \/>\n<meta property=\"og:locale\" content=\"en_US\" \/>\n<meta property=\"og:type\" content=\"article\" \/>\n<meta property=\"og:title\" content=\"A SOBRATAFE - Sobratafe - Sociedade Brasileira de Tratamento Avan\u00e7ado em Feridas\" \/>\n<meta property=\"og:description\" content=\"Equipe multiprofissional que atua em todas as \u00e1reas das envolvidas no tratamento e preven\u00e7\u00e3o das feridas simples e complexas, com objetivo de estabelecer condutas eficazes no tratamento e preven\u00e7\u00e3o das feridas\" \/>\n<meta property=\"og:url\" content=\"https:\/\/previa.sobratafe.com.br\/en\/a-sobratafe\/\" \/>\n<meta property=\"og:site_name\" content=\"Sobratafe - Sociedade Brasileira de Tratamento Avan\u00e7ado em Feridas\" \/>\n<meta property=\"article:publisher\" content=\"https:\/\/www.facebook.com\/sobratafe\" \/>\n<meta property=\"article:modified_time\" content=\"2026-01-27T17:56:49+00:00\" \/>\n<meta property=\"og:image\" content=\"https:\/\/previa.sobratafe.com.br\/wp-content\/uploads\/2026\/01\/teaser-internas.png\" \/>\n\t<meta property=\"og:image:width\" content=\"2133\" \/>\n\t<meta property=\"og:image:height\" content=\"640\" \/>\n\t<meta property=\"og:image:type\" content=\"image\/png\" \/>\n<meta name=\"twitter:card\" content=\"summary_large_image\" \/>\n<meta name=\"twitter:label1\" content=\"Est. reading time\" \/>\n\t<meta name=\"twitter:data1\" content=\"6 minutes\" \/>\n<script type=\"application\/ld+json\" class=\"yoast-schema-graph\">{\"@context\":\"https:\/\/schema.org\",\"@graph\":[{\"@type\":\"WebPage\",\"@id\":\"https:\/\/previa.sobratafe.com.br\/a-sobratafe\/\",\"url\":\"https:\/\/previa.sobratafe.com.br\/a-sobratafe\/\",\"name\":\"A SOBRATAFE - Sobratafe - Sociedade Brasileira de Tratamento Avan\u00e7ado em Feridas\",\"isPartOf\":{\"@id\":\"https:\/\/previa.sobratafe.com.br\/#website\"},\"primaryImageOfPage\":{\"@id\":\"https:\/\/previa.sobratafe.com.br\/a-sobratafe\/#primaryimage\"},\"image\":{\"@id\":\"https:\/\/previa.sobratafe.com.br\/a-sobratafe\/#primaryimage\"},\"thumbnailUrl\":\"https:\/\/previa.sobratafe.com.br\/wp-content\/uploads\/2026\/01\/teaser-internas.png\",\"datePublished\":\"2026-01-09T18:51:05+00:00\",\"dateModified\":\"2026-01-27T17:56:49+00:00\",\"description\":\"Equipe multiprofissional que atua em todas as \u00e1reas das envolvidas no tratamento e preven\u00e7\u00e3o das feridas simples e complexas, com objetivo de estabelecer condutas eficazes no tratamento e preven\u00e7\u00e3o das feridas\",\"breadcrumb\":{\"@id\":\"https:\/\/previa.sobratafe.com.br\/a-sobratafe\/#breadcrumb\"},\"inLanguage\":\"en-US\",\"potentialAction\":[{\"@type\":\"ReadAction\",\"target\":[\"https:\/\/previa.sobratafe.com.br\/a-sobratafe\/\"]}]},{\"@type\":\"ImageObject\",\"inLanguage\":\"en-US\",\"@id\":\"https:\/\/previa.sobratafe.com.br\/a-sobratafe\/#primaryimage\",\"url\":\"https:\/\/previa.sobratafe.com.br\/wp-content\/uploads\/2026\/01\/teaser-internas.png\",\"contentUrl\":\"https:\/\/previa.sobratafe.com.br\/wp-content\/uploads\/2026\/01\/teaser-internas.png\",\"width\":2133,\"height\":640},{\"@type\":\"BreadcrumbList\",\"@id\":\"https:\/\/previa.sobratafe.com.br\/a-sobratafe\/#breadcrumb\",\"itemListElement\":[{\"@type\":\"ListItem\",\"position\":1,\"name\":\"In\u00edcio\",\"item\":\"https:\/\/previa.sobratafe.com.br\/\"},{\"@type\":\"ListItem\",\"position\":2,\"name\":\"A SOBRATAFE\"}]},{\"@type\":\"WebSite\",\"@id\":\"https:\/\/previa.sobratafe.com.br\/#website\",\"url\":\"https:\/\/previa.sobratafe.com.br\/\",\"name\":\"SOBRATAFE - Sociedade Brasileira de Tratamento Avan\u00e7ado em Feridas\",\"description\":\"Organiza\u00e7\u00e3o de refer\u00eancia para a preven\u00e7\u00e3o e o tratamento de feridas no Brasil, comprometida com o aprimoramento do tratamento de feridas para profissionais por meio da educa\u00e7\u00e3o e da pesquisa\",\"publisher\":{\"@id\":\"https:\/\/previa.sobratafe.com.br\/#organization\"},\"alternateName\":\"SOBRATAFE\",\"potentialAction\":[{\"@type\":\"SearchAction\",\"target\":{\"@type\":\"EntryPoint\",\"urlTemplate\":\"https:\/\/previa.sobratafe.com.br\/?s={search_term_string}\"},\"query-input\":{\"@type\":\"PropertyValueSpecification\",\"valueRequired\":true,\"valueName\":\"search_term_string\"}}],\"inLanguage\":\"en-US\"},{\"@type\":\"Organization\",\"@id\":\"https:\/\/previa.sobratafe.com.br\/#organization\",\"name\":\"SOBRATAFE - Sociedade Brasileira de Tratamento Avan\u00e7ado em Feridas\",\"url\":\"https:\/\/previa.sobratafe.com.br\/\",\"logo\":{\"@type\":\"ImageObject\",\"inLanguage\":\"en-US\",\"@id\":\"https:\/\/previa.sobratafe.com.br\/#\/schema\/logo\/image\/\",\"url\":\"https:\/\/previa.sobratafe.com.br\/wp-content\/uploads\/2026\/01\/logo-sobratafe.jpg\",\"contentUrl\":\"https:\/\/previa.sobratafe.com.br\/wp-content\/uploads\/2026\/01\/logo-sobratafe.jpg\",\"width\":1080,\"height\":435,\"caption\":\"SOBRATAFE - Sociedade Brasileira de Tratamento Avan\u00e7ado em Feridas\"},\"image\":{\"@id\":\"https:\/\/previa.sobratafe.com.br\/#\/schema\/logo\/image\/\"},\"sameAs\":[\"https:\/\/www.facebook.com\/sobratafe\",\"https:\/\/www.linkedin.com\/in\/sobratafe-oficial-938708214\/\",\"https:\/\/www.instagram.com\/sobratafeoficial\/\"]}]}<\/script>\n<!-- \/ Yoast SEO plugin. -->","yoast_head_json":{"title":"A SOBRATAFE - Sobratafe - Sociedade Brasileira de Tratamento Avan\u00e7ado em Feridas","description":"Equipe multiprofissional que atua em todas as \u00e1reas das envolvidas no tratamento e preven\u00e7\u00e3o das feridas simples e complexas, com objetivo de estabelecer condutas eficazes no tratamento e preven\u00e7\u00e3o das feridas","robots":{"index":"noindex","follow":"follow","max-snippet":"max-snippet:-1","max-image-preview":"max-image-preview:large","max-video-preview":"max-video-preview:-1"},"og_locale":"en_US","og_type":"article","og_title":"A SOBRATAFE - Sobratafe - Sociedade Brasileira de Tratamento Avan\u00e7ado em Feridas","og_description":"Equipe multiprofissional que atua em todas as \u00e1reas das envolvidas no tratamento e preven\u00e7\u00e3o das feridas simples e complexas, com objetivo de estabelecer condutas eficazes no tratamento e preven\u00e7\u00e3o das feridas","og_url":"https:\/\/previa.sobratafe.com.br\/en\/a-sobratafe\/","og_site_name":"Sobratafe - Sociedade Brasileira de Tratamento Avan\u00e7ado em Feridas","article_publisher":"https:\/\/www.facebook.com\/sobratafe","article_modified_time":"2026-01-27T17:56:49+00:00","og_image":[{"width":2133,"height":640,"url":"https:\/\/previa.sobratafe.com.br\/wp-content\/uploads\/2026\/01\/teaser-internas.png","type":"image\/png"}],"twitter_card":"summary_large_image","twitter_misc":{"Est. reading time":"6 minutes"},"schema":{"@context":"https:\/\/schema.org","@graph":[{"@type":"WebPage","@id":"https:\/\/previa.sobratafe.com.br\/a-sobratafe\/","url":"https:\/\/previa.sobratafe.com.br\/a-sobratafe\/","name":"A SOBRATAFE - Sobratafe - Sociedade Brasileira de Tratamento Avan\u00e7ado em Feridas","isPartOf":{"@id":"https:\/\/previa.sobratafe.com.br\/#website"},"primaryImageOfPage":{"@id":"https:\/\/previa.sobratafe.com.br\/a-sobratafe\/#primaryimage"},"image":{"@id":"https:\/\/previa.sobratafe.com.br\/a-sobratafe\/#primaryimage"},"thumbnailUrl":"https:\/\/previa.sobratafe.com.br\/wp-content\/uploads\/2026\/01\/teaser-internas.png","datePublished":"2026-01-09T18:51:05+00:00","dateModified":"2026-01-27T17:56:49+00:00","description":"Equipe multiprofissional que atua em todas as \u00e1reas das envolvidas no tratamento e preven\u00e7\u00e3o das feridas simples e complexas, com objetivo de estabelecer condutas eficazes no tratamento e preven\u00e7\u00e3o das feridas","breadcrumb":{"@id":"https:\/\/previa.sobratafe.com.br\/a-sobratafe\/#breadcrumb"},"inLanguage":"en-US","potentialAction":[{"@type":"ReadAction","target":["https:\/\/previa.sobratafe.com.br\/a-sobratafe\/"]}]},{"@type":"ImageObject","inLanguage":"en-US","@id":"https:\/\/previa.sobratafe.com.br\/a-sobratafe\/#primaryimage","url":"https:\/\/previa.sobratafe.com.br\/wp-content\/uploads\/2026\/01\/teaser-internas.png","contentUrl":"https:\/\/previa.sobratafe.com.br\/wp-content\/uploads\/2026\/01\/teaser-internas.png","width":2133,"height":640},{"@type":"BreadcrumbList","@id":"https:\/\/previa.sobratafe.com.br\/a-sobratafe\/#breadcrumb","itemListElement":[{"@type":"ListItem","position":1,"name":"In\u00edcio","item":"https:\/\/previa.sobratafe.com.br\/"},{"@type":"ListItem","position":2,"name":"A SOBRATAFE"}]},{"@type":"WebSite","@id":"https:\/\/previa.sobratafe.com.br\/#website","url":"https:\/\/previa.sobratafe.com.br\/","name":"SOBRATAFE - Sociedade Brasileira de Tratamento Avan\u00e7ado em Feridas","description":"A reference organization for the prevention and treatment of wounds in Brazil, committed to improving wound care for professionals through education and research.","publisher":{"@id":"https:\/\/previa.sobratafe.com.br\/#organization"},"alternateName":"SOBRATAFE","potentialAction":[{"@type":"SearchAction","target":{"@type":"EntryPoint","urlTemplate":"https:\/\/previa.sobratafe.com.br\/?s={search_term_string}"},"query-input":{"@type":"PropertyValueSpecification","valueRequired":true,"valueName":"search_term_string"}}],"inLanguage":"en-US"},{"@type":"Organization","@id":"https:\/\/previa.sobratafe.com.br\/#organization","name":"SOBRATAFE - Sociedade Brasileira de Tratamento Avan\u00e7ado em Feridas","url":"https:\/\/previa.sobratafe.com.br\/","logo":{"@type":"ImageObject","inLanguage":"en-US","@id":"https:\/\/previa.sobratafe.com.br\/#\/schema\/logo\/image\/","url":"https:\/\/previa.sobratafe.com.br\/wp-content\/uploads\/2026\/01\/logo-sobratafe.jpg","contentUrl":"https:\/\/previa.sobratafe.com.br\/wp-content\/uploads\/2026\/01\/logo-sobratafe.jpg","width":1080,"height":435,"caption":"SOBRATAFE - Sociedade Brasileira de Tratamento Avan\u00e7ado em Feridas"},"image":{"@id":"https:\/\/previa.sobratafe.com.br\/#\/schema\/logo\/image\/"},"sameAs":["https:\/\/www.facebook.com\/sobratafe","https:\/\/www.linkedin.com\/in\/sobratafe-oficial-938708214\/","https:\/\/www.instagram.com\/sobratafeoficial\/"]}]}},"_links":{"self":[{"href":"https:\/\/previa.sobratafe.com.br\/en\/wp-json\/wp\/v2\/pages\/317","targetHints":{"allow":["GET"]}}],"collection":[{"href":"https:\/\/previa.sobratafe.com.br\/en\/wp-json\/wp\/v2\/pages"}],"about":[{"href":"https:\/\/previa.sobratafe.com.br\/en\/wp-json\/wp\/v2\/types\/page"}],"author":[{"embeddable":true,"href":"https:\/\/previa.sobratafe.com.br\/en\/wp-json\/wp\/v2\/users\/1"}],"replies":[{"embeddable":true,"href":"https:\/\/previa.sobratafe.com.br\/en\/wp-json\/wp\/v2\/comments?post=317"}],"version-history":[{"count":10,"href":"https:\/\/previa.sobratafe.com.br\/en\/wp-json\/wp\/v2\/pages\/317\/revisions"}],"predecessor-version":[{"id":651,"href":"https:\/\/previa.sobratafe.com.br\/en\/wp-json\/wp\/v2\/pages\/317\/revisions\/651"}],"wp:featuredmedia":[{"embeddable":true,"href":"https:\/\/previa.sobratafe.com.br\/en\/wp-json\/wp\/v2\/media\/396"}],"wp:attachment":[{"href":"https:\/\/previa.sobratafe.com.br\/en\/wp-json\/wp\/v2\/media?parent=317"}],"curies":[{"name":"wp","href":"https:\/\/api.w.org\/{rel}","templated":true}]}}