{"id":231,"date":"2026-01-08T13:56:03","date_gmt":"2026-01-08T16:56:03","guid":{"rendered":"https:\/\/previa.sobratafe.com.br\/?page_id=231"},"modified":"2026-01-12T16:19:49","modified_gmt":"2026-01-12T19:19:49","slug":"contato","status":"publish","type":"page","link":"https:\/\/previa.sobratafe.com.br\/en\/contato\/","title":{"rendered":"Contact"},"content":{"rendered":"<div class=\"wpb-content-wrapper\"><div data-vc-full-width=\"true\" data-vc-full-width-temp=\"true\" data-vc-full-width-init=\"false\" class=\"vc_row wpb_row vc_row-fluid bg-grey\"><div class=\"wpb_column vc_column_container vc_col-sm-8\"><div class=\"vc_column-inner\"><div class=\"wpb_wrapper\">\n\t<div class=\"wpb_text_column wpb_content_element\" >\n\t\t<div class=\"wpb_wrapper\">\n\t\t\t<div class=\"card shadow-lg\">\n<h2>Formul\u00e1rio de contato<\/h2>\n\n<div class=\"wpcf7 no-js\" id=\"wpcf7-f236-o1\" lang=\"pt-BR\" dir=\"ltr\" data-wpcf7-id=\"236\">\n<div class=\"screen-reader-response\"><p role=\"status\" aria-live=\"polite\" aria-atomic=\"true\"><\/p> <ul><\/ul><\/div>\n<form action=\"\/en\/wp-json\/wp\/v2\/pages\/231#wpcf7-f236-o1\" method=\"post\" class=\"wpcf7-form init\" aria-label=\"Formul\u00e1rios de contato\" novalidate=\"novalidate\" data-status=\"init\" data-trp-original-action=\"\/en\/wp-json\/wp\/v2\/pages\/231#wpcf7-f236-o1\">\n<fieldset class=\"hidden-fields-container\"><input type=\"hidden\" name=\"_wpcf7\" value=\"236\" \/><input type=\"hidden\" name=\"_wpcf7_version\" value=\"6.1.4\" \/><input type=\"hidden\" name=\"_wpcf7_locale\" value=\"pt_BR\" \/><input type=\"hidden\" name=\"_wpcf7_unit_tag\" value=\"wpcf7-f236-o1\" \/><input type=\"hidden\" name=\"_wpcf7_container_post\" value=\"0\" \/><input type=\"hidden\" name=\"_wpcf7_posted_data_hash\" value=\"\" \/>\n<\/fieldset>\n<p><label> Nome completo*<br \/>\n<span class=\"wpcf7-form-control-wrap\" data-name=\"name\"><input size=\"40\" maxlength=\"400\" class=\"wpcf7-form-control wpcf7-text wpcf7-validates-as-required\" aria-required=\"true\" aria-invalid=\"false\" value=\"\" type=\"text\" name=\"name\" \/><\/span> <\/label>\n<\/p>\n<p><label> E-mail*<br \/>\n<span class=\"wpcf7-form-control-wrap\" data-name=\"email\"><input size=\"40\" maxlength=\"400\" class=\"wpcf7-form-control wpcf7-email wpcf7-validates-as-required wpcf7-text wpcf7-validates-as-email\" aria-required=\"true\" aria-invalid=\"false\" value=\"\" type=\"email\" name=\"email\" \/><\/span> <\/label>\n<\/p>\n<p><label> Telefone (com DDD)*<br \/>\n<span class=\"wpcf7-form-control-wrap\" data-name=\"phone\"><input size=\"40\" maxlength=\"400\" class=\"wpcf7-form-control wpcf7-text wpcf7-validates-as-required\" aria-required=\"true\" aria-invalid=\"false\" value=\"\" type=\"text\" name=\"phone\" \/><\/span> <\/label>\n<\/p>\n<p><label> Assunto*<br \/>\n<span class=\"wpcf7-form-control-wrap\" data-name=\"subject\"><input size=\"40\" maxlength=\"400\" class=\"wpcf7-form-control wpcf7-text wpcf7-validates-as-required\" aria-required=\"true\" aria-invalid=\"false\" value=\"\" type=\"text\" name=\"subject\" \/><\/span> <\/label>\n<\/p>\n<p><label> Mensagem*<br \/>\n<span class=\"wpcf7-form-control-wrap\" data-name=\"mensagem\"><textarea cols=\"40\" rows=\"10\" maxlength=\"2000\" class=\"wpcf7-form-control wpcf7-textarea\" aria-invalid=\"false\" name=\"mensagem\"><\/textarea><\/span> <\/label>\n<\/p>\n<p><input class=\"wpcf7-form-control wpcf7-submit has-spinner\" type=\"submit\" value=\"Enviar\" \/>\n<\/p><div class=\"wpcf7-response-output\" aria-hidden=\"true\"><\/div>\n<input type=\"hidden\" name=\"trp-form-language\" value=\"en\"\/><\/form>\n<\/div>\n<\/div>\n\n\t\t<\/div>\n\t<\/div>\n<\/div><\/div><\/div><div class=\"wpb_column vc_column_container vc_col-sm-4\"><div class=\"vc_column-inner vc_custom_1767892172537\"><div class=\"wpb_wrapper\">\n\t<div class=\"wpb_text_column wpb_content_element\" >\n\t\t<div class=\"wpb_wrapper\">\n\t\t\t<h2>Service<\/h2>\n<p>Entre em contato atrav\u00e9s do whatsapp para esclarecer d\u00favidas, falar com nosso atendimento:<\/p>\n<dl>\n<dt><i class=\"fa fa-phone text-danger\" aria-hidden=\"true\"><\/i><\/dt>\n<dd><a class=\"text-primary\" title=\"Telephone\" href=\"tel:+5511967957601\" target=\"_blank\" rel=\"noopener\">+55 (11) 96795-7601<\/a><\/dd>\n<dt><i class=\"fa fa-whatsapp text-danger\" aria-hidden=\"true\"><\/i><\/dt>\n<dd><a class=\"text-primary\" title=\"WhatsApp\" href=\"https:\/\/wa.me\/5511940821189\" target=\"_blank\" rel=\"noopener\">+55 (11) 94082-1189<\/a><\/dd>\n<dt><i class=\"fa fa-paper-plane text-danger\" aria-hidden=\"true\"><\/i><\/dt>\n<dd><a class=\"text-primary\" title=\"contato@sobratafe.com.br\" href=\"mailto:contato@sobratafe.com.br\">contato@sobratafe.com.br<\/a><\/dd>\n<\/dl>\n<h2 class=\"mt-3\">Follow us<\/h2>\n\n\t\t<\/div>\n\t<\/div>\n<\/div><\/div><\/div><\/div><div class=\"vc_row-full-width vc_clearfix\"><\/div>\n<\/div>","protected":false},"excerpt":{"rendered":"Formul\u00e1rio de contato Nome completo* E-mail* Telefone (com DDD)* Assunto* Mensagem* Atendimento Entre em contato atrav\u00e9s do whatsapp para esclarecer d\u00favidas, falar com nosso atendimento: +55 (11) 96795-7601 +55 (11) 94082-1189 contato@sobratafe.com.br Siga-nos","protected":false},"author":1,"featured_media":396,"parent":0,"menu_order":0,"comment_status":"closed","ping_status":"closed","template":"","meta":{"footnotes":""},"class_list":["post-231","page","type-page","status-publish","has-post-thumbnail","hentry"],"yoast_head":"<!-- This site is optimized with the Yoast SEO plugin v26.7 - https:\/\/yoast.com\/wordpress\/plugins\/seo\/ -->\n<title>Contato - Sobratafe - Sociedade Brasileira de Tratamento Avan\u00e7ado em Feridas<\/title>\n<meta name=\"description\" content=\"Entre em contato com a SOBRATAFE para solicitar informa\u00e7\u00f5es sobre cursos, eventos ou informa\u00e7\u00f5es espec\u00edficas sobre a sociedade\" \/>\n<meta name=\"robots\" content=\"noindex, follow, max-snippet:-1, max-image-preview:large, max-video-preview:-1\" \/>\n<meta property=\"og:locale\" content=\"en_US\" \/>\n<meta property=\"og:type\" content=\"article\" \/>\n<meta property=\"og:title\" content=\"Contato - Sobratafe - Sociedade Brasileira de Tratamento Avan\u00e7ado em Feridas\" \/>\n<meta property=\"og:description\" content=\"Entre em contato com a SOBRATAFE para solicitar informa\u00e7\u00f5es sobre cursos, eventos ou informa\u00e7\u00f5es espec\u00edficas sobre a sociedade\" \/>\n<meta property=\"og:url\" content=\"https:\/\/previa.sobratafe.com.br\/en\/contato\/\" \/>\n<meta property=\"og:site_name\" content=\"Sobratafe - Sociedade Brasileira de Tratamento Avan\u00e7ado em Feridas\" \/>\n<meta property=\"article:publisher\" content=\"https:\/\/www.facebook.com\/sobratafe\" \/>\n<meta property=\"article:modified_time\" content=\"2026-01-12T19:19:49+00:00\" \/>\n<meta property=\"og:image\" content=\"https:\/\/previa.sobratafe.com.br\/wp-content\/uploads\/2026\/01\/teaser-internas.png\" \/>\n\t<meta property=\"og:image:width\" content=\"2133\" \/>\n\t<meta property=\"og:image:height\" content=\"640\" \/>\n\t<meta property=\"og:image:type\" content=\"image\/png\" \/>\n<meta name=\"twitter:card\" content=\"summary_large_image\" \/>\n<meta name=\"twitter:label1\" content=\"Est. reading time\" \/>\n\t<meta name=\"twitter:data1\" content=\"1 minute\" \/>\n<script type=\"application\/ld+json\" class=\"yoast-schema-graph\">{\"@context\":\"https:\/\/schema.org\",\"@graph\":[{\"@type\":\"WebPage\",\"@id\":\"https:\/\/previa.sobratafe.com.br\/contato\/\",\"url\":\"https:\/\/previa.sobratafe.com.br\/contato\/\",\"name\":\"Contato - Sobratafe - Sociedade Brasileira de Tratamento Avan\u00e7ado em Feridas\",\"isPartOf\":{\"@id\":\"https:\/\/previa.sobratafe.com.br\/#website\"},\"primaryImageOfPage\":{\"@id\":\"https:\/\/previa.sobratafe.com.br\/contato\/#primaryimage\"},\"image\":{\"@id\":\"https:\/\/previa.sobratafe.com.br\/contato\/#primaryimage\"},\"thumbnailUrl\":\"https:\/\/previa.sobratafe.com.br\/wp-content\/uploads\/2026\/01\/teaser-internas.png\",\"datePublished\":\"2026-01-08T16:56:03+00:00\",\"dateModified\":\"2026-01-12T19:19:49+00:00\",\"description\":\"Entre em contato com a SOBRATAFE para solicitar informa\u00e7\u00f5es sobre cursos, eventos ou informa\u00e7\u00f5es espec\u00edficas sobre a sociedade\",\"breadcrumb\":{\"@id\":\"https:\/\/previa.sobratafe.com.br\/contato\/#breadcrumb\"},\"inLanguage\":\"en-US\",\"potentialAction\":[{\"@type\":\"ReadAction\",\"target\":[\"https:\/\/previa.sobratafe.com.br\/contato\/\"]}]},{\"@type\":\"ImageObject\",\"inLanguage\":\"en-US\",\"@id\":\"https:\/\/previa.sobratafe.com.br\/contato\/#primaryimage\",\"url\":\"https:\/\/previa.sobratafe.com.br\/wp-content\/uploads\/2026\/01\/teaser-internas.png\",\"contentUrl\":\"https:\/\/previa.sobratafe.com.br\/wp-content\/uploads\/2026\/01\/teaser-internas.png\",\"width\":2133,\"height\":640},{\"@type\":\"BreadcrumbList\",\"@id\":\"https:\/\/previa.sobratafe.com.br\/contato\/#breadcrumb\",\"itemListElement\":[{\"@type\":\"ListItem\",\"position\":1,\"name\":\"In\u00edcio\",\"item\":\"https:\/\/previa.sobratafe.com.br\/\"},{\"@type\":\"ListItem\",\"position\":2,\"name\":\"Contato\"}]},{\"@type\":\"WebSite\",\"@id\":\"https:\/\/previa.sobratafe.com.br\/#website\",\"url\":\"https:\/\/previa.sobratafe.com.br\/\",\"name\":\"SOBRATAFE - Sociedade Brasileira de Tratamento Avan\u00e7ado em Feridas\",\"description\":\"Organiza\u00e7\u00e3o de refer\u00eancia para a preven\u00e7\u00e3o e o tratamento de feridas no Brasil, comprometida com o aprimoramento do tratamento de feridas para profissionais por meio da educa\u00e7\u00e3o e da pesquisa\",\"publisher\":{\"@id\":\"https:\/\/previa.sobratafe.com.br\/#organization\"},\"alternateName\":\"SOBRATAFE\",\"potentialAction\":[{\"@type\":\"SearchAction\",\"target\":{\"@type\":\"EntryPoint\",\"urlTemplate\":\"https:\/\/previa.sobratafe.com.br\/?s={search_term_string}\"},\"query-input\":{\"@type\":\"PropertyValueSpecification\",\"valueRequired\":true,\"valueName\":\"search_term_string\"}}],\"inLanguage\":\"en-US\"},{\"@type\":\"Organization\",\"@id\":\"https:\/\/previa.sobratafe.com.br\/#organization\",\"name\":\"SOBRATAFE - Sociedade Brasileira de Tratamento Avan\u00e7ado em Feridas\",\"url\":\"https:\/\/previa.sobratafe.com.br\/\",\"logo\":{\"@type\":\"ImageObject\",\"inLanguage\":\"en-US\",\"@id\":\"https:\/\/previa.sobratafe.com.br\/#\/schema\/logo\/image\/\",\"url\":\"https:\/\/previa.sobratafe.com.br\/wp-content\/uploads\/2026\/01\/logo-sobratafe.jpg\",\"contentUrl\":\"https:\/\/previa.sobratafe.com.br\/wp-content\/uploads\/2026\/01\/logo-sobratafe.jpg\",\"width\":1080,\"height\":435,\"caption\":\"SOBRATAFE - Sociedade Brasileira de Tratamento Avan\u00e7ado em Feridas\"},\"image\":{\"@id\":\"https:\/\/previa.sobratafe.com.br\/#\/schema\/logo\/image\/\"},\"sameAs\":[\"https:\/\/www.facebook.com\/sobratafe\",\"https:\/\/www.linkedin.com\/in\/sobratafe-oficial-938708214\/\",\"https:\/\/www.instagram.com\/sobratafeoficial\/\"]}]}<\/script>\n<!-- \/ Yoast SEO plugin. -->","yoast_head_json":{"title":"Contato - Sobratafe - Sociedade Brasileira de Tratamento Avan\u00e7ado em Feridas","description":"Entre em contato com a SOBRATAFE para solicitar informa\u00e7\u00f5es sobre cursos, eventos ou informa\u00e7\u00f5es espec\u00edficas sobre a sociedade","robots":{"index":"noindex","follow":"follow","max-snippet":"max-snippet:-1","max-image-preview":"max-image-preview:large","max-video-preview":"max-video-preview:-1"},"og_locale":"en_US","og_type":"article","og_title":"Contato - Sobratafe - Sociedade Brasileira de Tratamento Avan\u00e7ado em Feridas","og_description":"Entre em contato com a SOBRATAFE para solicitar informa\u00e7\u00f5es sobre cursos, eventos ou informa\u00e7\u00f5es espec\u00edficas sobre a sociedade","og_url":"https:\/\/previa.sobratafe.com.br\/en\/contato\/","og_site_name":"Sobratafe - Sociedade Brasileira de Tratamento Avan\u00e7ado em Feridas","article_publisher":"https:\/\/www.facebook.com\/sobratafe","article_modified_time":"2026-01-12T19:19:49+00:00","og_image":[{"width":2133,"height":640,"url":"https:\/\/previa.sobratafe.com.br\/wp-content\/uploads\/2026\/01\/teaser-internas.png","type":"image\/png"}],"twitter_card":"summary_large_image","twitter_misc":{"Est. reading time":"1 minute"},"schema":{"@context":"https:\/\/schema.org","@graph":[{"@type":"WebPage","@id":"https:\/\/previa.sobratafe.com.br\/contato\/","url":"https:\/\/previa.sobratafe.com.br\/contato\/","name":"Contato - Sobratafe - Sociedade Brasileira de Tratamento Avan\u00e7ado em Feridas","isPartOf":{"@id":"https:\/\/previa.sobratafe.com.br\/#website"},"primaryImageOfPage":{"@id":"https:\/\/previa.sobratafe.com.br\/contato\/#primaryimage"},"image":{"@id":"https:\/\/previa.sobratafe.com.br\/contato\/#primaryimage"},"thumbnailUrl":"https:\/\/previa.sobratafe.com.br\/wp-content\/uploads\/2026\/01\/teaser-internas.png","datePublished":"2026-01-08T16:56:03+00:00","dateModified":"2026-01-12T19:19:49+00:00","description":"Entre em contato com a SOBRATAFE para solicitar informa\u00e7\u00f5es sobre cursos, eventos ou informa\u00e7\u00f5es espec\u00edficas sobre a sociedade","breadcrumb":{"@id":"https:\/\/previa.sobratafe.com.br\/contato\/#breadcrumb"},"inLanguage":"en-US","potentialAction":[{"@type":"ReadAction","target":["https:\/\/previa.sobratafe.com.br\/contato\/"]}]},{"@type":"ImageObject","inLanguage":"en-US","@id":"https:\/\/previa.sobratafe.com.br\/contato\/#primaryimage","url":"https:\/\/previa.sobratafe.com.br\/wp-content\/uploads\/2026\/01\/teaser-internas.png","contentUrl":"https:\/\/previa.sobratafe.com.br\/wp-content\/uploads\/2026\/01\/teaser-internas.png","width":2133,"height":640},{"@type":"BreadcrumbList","@id":"https:\/\/previa.sobratafe.com.br\/contato\/#breadcrumb","itemListElement":[{"@type":"ListItem","position":1,"name":"In\u00edcio","item":"https:\/\/previa.sobratafe.com.br\/"},{"@type":"ListItem","position":2,"name":"Contato"}]},{"@type":"WebSite","@id":"https:\/\/previa.sobratafe.com.br\/#website","url":"https:\/\/previa.sobratafe.com.br\/","name":"SOBRATAFE - Sociedade Brasileira de Tratamento Avan\u00e7ado em Feridas","description":"A reference organization for the prevention and treatment of wounds in Brazil, committed to improving wound care for professionals through education and research.","publisher":{"@id":"https:\/\/previa.sobratafe.com.br\/#organization"},"alternateName":"SOBRATAFE","potentialAction":[{"@type":"SearchAction","target":{"@type":"EntryPoint","urlTemplate":"https:\/\/previa.sobratafe.com.br\/?s={search_term_string}"},"query-input":{"@type":"PropertyValueSpecification","valueRequired":true,"valueName":"search_term_string"}}],"inLanguage":"en-US"},{"@type":"Organization","@id":"https:\/\/previa.sobratafe.com.br\/#organization","name":"SOBRATAFE - Sociedade Brasileira de Tratamento Avan\u00e7ado em Feridas","url":"https:\/\/previa.sobratafe.com.br\/","logo":{"@type":"ImageObject","inLanguage":"en-US","@id":"https:\/\/previa.sobratafe.com.br\/#\/schema\/logo\/image\/","url":"https:\/\/previa.sobratafe.com.br\/wp-content\/uploads\/2026\/01\/logo-sobratafe.jpg","contentUrl":"https:\/\/previa.sobratafe.com.br\/wp-content\/uploads\/2026\/01\/logo-sobratafe.jpg","width":1080,"height":435,"caption":"SOBRATAFE - Sociedade Brasileira de Tratamento Avan\u00e7ado em Feridas"},"image":{"@id":"https:\/\/previa.sobratafe.com.br\/#\/schema\/logo\/image\/"},"sameAs":["https:\/\/www.facebook.com\/sobratafe","https:\/\/www.linkedin.com\/in\/sobratafe-oficial-938708214\/","https:\/\/www.instagram.com\/sobratafeoficial\/"]}]}},"_links":{"self":[{"href":"https:\/\/previa.sobratafe.com.br\/en\/wp-json\/wp\/v2\/pages\/231","targetHints":{"allow":["GET"]}}],"collection":[{"href":"https:\/\/previa.sobratafe.com.br\/en\/wp-json\/wp\/v2\/pages"}],"about":[{"href":"https:\/\/previa.sobratafe.com.br\/en\/wp-json\/wp\/v2\/types\/page"}],"author":[{"embeddable":true,"href":"https:\/\/previa.sobratafe.com.br\/en\/wp-json\/wp\/v2\/users\/1"}],"replies":[{"embeddable":true,"href":"https:\/\/previa.sobratafe.com.br\/en\/wp-json\/wp\/v2\/comments?post=231"}],"version-history":[{"count":10,"href":"https:\/\/previa.sobratafe.com.br\/en\/wp-json\/wp\/v2\/pages\/231\/revisions"}],"predecessor-version":[{"id":378,"href":"https:\/\/previa.sobratafe.com.br\/en\/wp-json\/wp\/v2\/pages\/231\/revisions\/378"}],"wp:featuredmedia":[{"embeddable":true,"href":"https:\/\/previa.sobratafe.com.br\/en\/wp-json\/wp\/v2\/media\/396"}],"wp:attachment":[{"href":"https:\/\/previa.sobratafe.com.br\/en\/wp-json\/wp\/v2\/media?parent=231"}],"curies":[{"name":"wp","href":"https:\/\/api.w.org\/{rel}","templated":true}]}}