{"id":182,"date":"2026-01-08T10:15:05","date_gmt":"2026-01-08T13:15:05","guid":{"rendered":"https:\/\/previa.sobratafe.com.br\/?page_id=182"},"modified":"2026-01-12T16:23:55","modified_gmt":"2026-01-12T19:23:55","slug":"cadastro","status":"publish","type":"page","link":"https:\/\/previa.sobratafe.com.br\/en\/cadastro\/","title":{"rendered":"Join us"},"content":{"rendered":"<div class=\"wpb-content-wrapper\"><div data-vc-full-width=\"true\" data-vc-full-width-temp=\"true\" data-vc-full-width-init=\"false\" class=\"vc_row wpb_row vc_row-fluid bg-grey vc_custom_1768242619452\"><div class=\"wpb_column vc_column_container vc_col-sm-12\"><div class=\"vc_column-inner\"><div class=\"wpb_wrapper\">\n\t<div class=\"wpb_text_column wpb_content_element\" >\n\t\t<div class=\"wpb_wrapper\">\n\t\t\t<h3>Ficha oficial da Sociedade Brasileira de Tratamento Avan\u00e7ado de Feridas<\/h3>\n<p>Este formul\u00e1rio garante a associa\u00e7\u00e3o \/ atualiza\u00e7\u00e3o cadastral gratuita \u00e0 <strong>SOBRATAFE<\/strong> e libera um <strong>benef\u00edcio exclusivo para o Curso B\u00e1sico de Atendimento ao Pequeno Queimado I.<\/strong><\/p>\n<h3>Benef\u00edcio para associados<\/h3>\n<p>Ap\u00f3s concluir o cadastro, voc\u00ea receber\u00e1 um <strong>cupom de 15% de desconto<\/strong> para utilizar na inscri\u00e7\u00e3o do curso.<\/p>\n<h3>Detalhes sobre o evento<\/h3>\n<p>Informa\u00e7\u00f5es completas e inscri\u00e7\u00e3o: <a href=\"https:\/\/www.even3.com.br\/curso-basico-de-atendimento-ao-pequeno-queimado-i-685528\/\" target=\"_blank\" rel=\"noopener\">https:\/\/www.even3.com.br\/curso-basico-de-atendimento-ao-pequeno-queimado-i-685528\/<\/a><\/p>\n\n\t\t<\/div>\n\t<\/div>\n\n\t<div class=\"wpb_text_column wpb_content_element\" >\n\t\t<div class=\"wpb_wrapper\">\n\t\t\t<div class=\"card shadow-lg\">\n<h2 class=\"text-center\">Associa\u00e7\u00e3o e Atualiza\u00e7\u00e3o Cadastral | Membership &amp; Registration Update<\/h2>\n\n<div class=\"wpcf7 no-js\" id=\"wpcf7-f9-o1\" lang=\"pt-BR\" dir=\"ltr\" data-wpcf7-id=\"9\">\n<div class=\"screen-reader-response\"><p role=\"status\" aria-live=\"polite\" aria-atomic=\"true\"><\/p> <ul><\/ul><\/div>\n<form action=\"\/en\/wp-json\/wp\/v2\/pages\/182#wpcf7-f9-o1\" method=\"post\" class=\"wpcf7-form init\" aria-label=\"Formul\u00e1rios de contato\" novalidate=\"novalidate\" data-status=\"init\" data-trp-original-action=\"\/en\/wp-json\/wp\/v2\/pages\/182#wpcf7-f9-o1\">\n<fieldset class=\"hidden-fields-container\"><input type=\"hidden\" name=\"_wpcf7\" value=\"9\" \/><input type=\"hidden\" name=\"_wpcf7_version\" value=\"6.1.4\" \/><input type=\"hidden\" name=\"_wpcf7_locale\" value=\"pt_BR\" \/><input type=\"hidden\" name=\"_wpcf7_unit_tag\" value=\"wpcf7-f9-o1\" \/><input type=\"hidden\" name=\"_wpcf7_container_post\" value=\"0\" \/><input type=\"hidden\" name=\"_wpcf7_posted_data_hash\" value=\"\" \/>\n<\/fieldset>\n<div class=\"row\">\n\t<div class=\"col-md-6\">\n\t\t<p><label> Nome \/ First name*<br \/>\n<span class=\"wpcf7-form-control-wrap\" data-name=\"first-name\"><input size=\"40\" maxlength=\"400\" class=\"wpcf7-form-control wpcf7-text wpcf7-validates-as-required\" aria-required=\"true\" aria-invalid=\"false\" value=\"\" type=\"text\" name=\"first-name\" \/><\/span> <\/label>\n\t\t<\/p>\n\t<\/div>\n\t<div class=\"col-md-6\">\n\t\t<p><label> Sobrenome \/ Last name*<br \/>\n<span class=\"wpcf7-form-control-wrap\" data-name=\"last-name\"><input size=\"40\" maxlength=\"400\" class=\"wpcf7-form-control wpcf7-text wpcf7-validates-as-required\" aria-required=\"true\" aria-invalid=\"false\" value=\"\" type=\"text\" name=\"last-name\" \/><\/span> <\/label>\n\t\t<\/p>\n\t<\/div>\n<\/div>\n<div class=\"row\">\n\t<div class=\"col-md-6\">\n\t\t<p><label> G\u00eanero \/ Gender*<br \/>\n<span class=\"wpcf7-form-control-wrap\" data-name=\"gender\"><span class=\"wpcf7-form-control wpcf7-radio\"><span class=\"wpcf7-list-item first\"><label><input type=\"radio\" name=\"gender\" value=\"Masculino \/ Male\" \/><span class=\"wpcf7-list-item-label\">Masculino \/ Male<\/span><\/label><\/span><span class=\"wpcf7-list-item\"><label><input type=\"radio\" name=\"gender\" value=\"Feminino \/ Female\" \/><span class=\"wpcf7-list-item-label\">Feminino \/ Female<\/span><\/label><\/span><span class=\"wpcf7-list-item\"><label><input type=\"radio\" name=\"gender\" value=\"Prefiro n\u00e3o dizer \/ Prefer not to say\" \/><span class=\"wpcf7-list-item-label\">Prefiro n\u00e3o dizer \/ Prefer not to say<\/span><\/label><\/span><span class=\"wpcf7-list-item last\"><label><input type=\"radio\" name=\"gender\" value=\"Outro \/ Other\" \/><span class=\"wpcf7-list-item-label\">Outro \/ Other<\/span><\/label><\/span><\/span><\/span> <\/label>\n\t\t<\/p>\n\t<\/div>\n\t<div class=\"col-md-6\">\n\t\t<p><label> Tipo de Documento \/ ID Type*<br \/>\n<span class=\"wpcf7-form-control-wrap\" data-name=\"document-type\"><span class=\"wpcf7-form-control wpcf7-radio\"><span class=\"wpcf7-list-item first\"><label><input type=\"radio\" name=\"document-type\" value=\"CPF (Brasil)\" \/><span class=\"wpcf7-list-item-label\">CPF (Brasil)<\/span><\/label><\/span><span class=\"wpcf7-list-item last\"><label><input type=\"radio\" name=\"document-type\" value=\"Passaporte (International \/ Passport)\" \/><span class=\"wpcf7-list-item-label\">Passaporte (International \/ Passport)<\/span><\/label><\/span><\/span><\/span> <\/label>\n\t\t<\/p>\n\t<\/div>\n<\/div>\n<div class=\"row\">\n\t<div class=\"col-md-6\">\n\t\t<p><label> N\u00famero do nocumento \/ Passport number*<br \/>\n<span class=\"wpcf7-form-control-wrap\" data-name=\"document\"><input size=\"40\" maxlength=\"400\" class=\"wpcf7-form-control wpcf7-text wpcf7-validates-as-required\" aria-required=\"true\" aria-invalid=\"false\" value=\"\" type=\"text\" name=\"document\" \/><\/span> <\/label>\n\t\t<\/p>\n\t<\/div>\n\t<div class=\"col-md-6\">\n\t\t<p><label> E-mail \/ Email Address*<br \/>\n<span class=\"wpcf7-form-control-wrap\" data-name=\"email\"><input size=\"40\" maxlength=\"400\" class=\"wpcf7-form-control wpcf7-email wpcf7-validates-as-required wpcf7-text wpcf7-validates-as-email\" aria-required=\"true\" aria-invalid=\"false\" value=\"\" type=\"email\" name=\"email\" \/><\/span> <\/label>\n\t\t<\/p>\n\t<\/div>\n<\/div>\n<div class=\"row\">\n\t<div class=\"col-md-6\">\n\t\t<p><label> Celular \/ Phone Number*<br \/>\n<span class=\"wpcf7-form-control-wrap\" data-name=\"phone\"><input size=\"40\" maxlength=\"400\" class=\"wpcf7-form-control wpcf7-text wpcf7-validates-as-required\" aria-required=\"true\" aria-invalid=\"false\" placeholder=\"(Ex: +55 11 99999-9999)\" value=\"\" type=\"text\" name=\"phone\" \/><\/span> <\/label>\n\t\t<\/p>\n\t<\/div>\n\t<div class=\"col-md-6\">\n\t\t<p><label> Pa\u00eds de Resid\u00eancia \/ Country of Residence*<br \/>\n<span class=\"wpcf7-form-control-wrap\" data-name=\"country\"><input size=\"40\" maxlength=\"400\" class=\"wpcf7-form-control wpcf7-text wpcf7-validates-as-required\" aria-required=\"true\" aria-invalid=\"false\" value=\"\" type=\"text\" name=\"country\" \/><\/span> <\/label>\n\t\t<\/p>\n\t<\/div>\n<\/div>\n<div class=\"row\">\n\t<div class=\"col-md-6\">\n\t\t<p><label> Cidade e Endere\u00e7o \/ City and Full Address*<br \/>\n<span class=\"wpcf7-form-control-wrap\" data-name=\"city\"><input size=\"40\" maxlength=\"400\" class=\"wpcf7-form-control wpcf7-text wpcf7-validates-as-required\" aria-required=\"true\" aria-invalid=\"false\" value=\"\" type=\"text\" name=\"city\" \/><\/span> <\/label>\n\t\t<\/p>\n\t<\/div>\n\t<div class=\"col-md-6\">\n\t\t<p><label> Profiss\u00e3o \/ Profession*<br \/>\n<span class=\"wpcf7-form-control-wrap\" data-name=\"profession\"><input size=\"40\" maxlength=\"400\" class=\"wpcf7-form-control wpcf7-text wpcf7-validates-as-required\" aria-required=\"true\" aria-invalid=\"false\" value=\"\" type=\"text\" name=\"profession\" \/><\/span> <\/label>\n\t\t<\/p>\n\t<\/div>\n<\/div>\n<p><label> N\u00famero de registro \/ Professional License Number*<br \/>\n<span class=\"wpcf7-form-control-wrap\" data-name=\"registration\"><input size=\"40\" maxlength=\"400\" class=\"wpcf7-form-control wpcf7-text wpcf7-validates-as-required\" aria-required=\"true\" aria-invalid=\"false\" placeholder=\"(Ex: COREN, CRM, Registration Number)\" value=\"\" type=\"text\" name=\"registration\" \/><\/span> <\/label>\n<\/p>\n<p><label> Como voc\u00ea teve acesso a este formul\u00e1rio? \/ How did you get access to this form?*<br \/>\n<span class=\"wpcf7-form-control-wrap\" data-name=\"access\"><span class=\"wpcf7-form-control wpcf7-radio\"><span class=\"wpcf7-list-item first\"><label><input type=\"radio\" name=\"access\" value=\"Site Oficial da SOBRATAFE \/ SOBRATAFE Official Website\" \/><span class=\"wpcf7-list-item-label\">Site Oficial da SOBRATAFE \/ SOBRATAFE Official Website<\/span><\/label><\/span><span class=\"wpcf7-list-item\"><label><input type=\"radio\" name=\"access\" value=\"Instagram \/ Facebook \/ LinkedIn\" \/><span class=\"wpcf7-list-item-label\">Instagram \/ Facebook \/ LinkedIn<\/span><\/label><\/span><span class=\"wpcf7-list-item\"><label><input type=\"radio\" name=\"access\" value=\"E-mail Marketing \/ Email Announcement\" \/><span class=\"wpcf7-list-item-label\">E-mail Marketing \/ Email Announcement<\/span><\/label><\/span><span class=\"wpcf7-list-item\"><label><input type=\"radio\" name=\"access\" value=\"Indica\u00e7\u00e3o de Colega \/ Recommended by a Colleague\" \/><span class=\"wpcf7-list-item-label\">Indica\u00e7\u00e3o de Colega \/ Recommended by a Colleague<\/span><\/label><\/span><span class=\"wpcf7-list-item\"><label><input type=\"radio\" name=\"access\" value=\"Congresso ou Evento \/ Congress or Event\" \/><span class=\"wpcf7-list-item-label\">Congresso ou Evento \/ Congress or Event<\/span><\/label><\/span><span class=\"wpcf7-list-item\"><label><input type=\"radio\" name=\"access\" value=\"Grupo de WhatsApp \/ WhatsApp Group\" \/><span class=\"wpcf7-list-item-label\">Grupo de WhatsApp \/ WhatsApp Group<\/span><\/label><\/span><span class=\"wpcf7-list-item last\"><label><input type=\"radio\" name=\"access\" value=\"Outro \/ Other\" \/><span class=\"wpcf7-list-item-label\">Outro \/ Other<\/span><\/label><\/span><\/span><\/span> <\/label>\n<\/p>\n<p><label> Deseja receber not\u00edcias? \/ Subscribe to Newsletter?*<br \/>\n<span class=\"wpcf7-form-control-wrap\" data-name=\"news\"><span class=\"wpcf7-form-control wpcf7-radio\"><span class=\"wpcf7-list-item first\"><label><input type=\"radio\" name=\"news\" value=\"Sim \/ Yes\" \/><span class=\"wpcf7-list-item-label\">Sim \/ Yes<\/span><\/label><\/span><span class=\"wpcf7-list-item last\"><label><input type=\"radio\" name=\"news\" value=\"N\u00e3o \/ No\" \/><span class=\"wpcf7-list-item-label\">N\u00e3o \/ No<\/span><\/label><\/span><\/span><\/span> <\/label>\n<\/p>\n<p><input class=\"wpcf7-form-control wpcf7-submit has-spinner\" type=\"submit\" value=\"Enviar\" \/>\n<\/p><div class=\"wpcf7-response-output\" aria-hidden=\"true\"><\/div>\n<input type=\"hidden\" name=\"trp-form-language\" value=\"en\"\/><\/form>\n<\/div>\n<\/div>\n\n\t\t<\/div>\n\t<\/div>\n<\/div><\/div><\/div><\/div><div class=\"vc_row-full-width vc_clearfix\"><\/div>\n<\/div>","protected":false},"excerpt":{"rendered":"Ficha oficial da Sociedade Brasileira de Tratamento Avan\u00e7ado de Feridas Este formul\u00e1rio garante a associa\u00e7\u00e3o \/ atualiza\u00e7\u00e3o cadastral gratuita \u00e0 SOBRATAFE e libera um benef\u00edcio exclusivo para o Curso B\u00e1sico de Atendimento ao Pequeno Queimado I. Benef\u00edcio para associados Ap\u00f3s concluir o cadastro, voc\u00ea receber\u00e1 um cupom de 15% de desconto para utilizar na inscri\u00e7\u00e3o [...]","protected":false},"author":1,"featured_media":396,"parent":0,"menu_order":0,"comment_status":"closed","ping_status":"closed","template":"","meta":{"footnotes":""},"class_list":["post-182","page","type-page","status-publish","has-post-thumbnail","hentry"],"yoast_head":"<!-- This site is optimized with the Yoast SEO plugin v26.7 - https:\/\/yoast.com\/wordpress\/plugins\/seo\/ -->\n<title>Associe-se - Sobratafe - Sociedade Brasileira de Tratamento Avan\u00e7ado em Feridas<\/title>\n<meta name=\"description\" content=\"Torne-se um associado da SOBRATAFE gratuitamente e tenha benef\u00edcios exclusivos em cursos e eventos especializados no tratamento de feridas\" \/>\n<meta name=\"robots\" content=\"noindex, follow, max-snippet:-1, max-image-preview:large, max-video-preview:-1\" \/>\n<meta property=\"og:locale\" content=\"en_US\" \/>\n<meta property=\"og:type\" content=\"article\" \/>\n<meta property=\"og:title\" content=\"Associe-se - Sobratafe - Sociedade Brasileira de Tratamento Avan\u00e7ado em Feridas\" \/>\n<meta property=\"og:description\" content=\"Torne-se um associado da SOBRATAFE gratuitamente e tenha benef\u00edcios exclusivos em cursos e eventos especializados no tratamento de feridas\" \/>\n<meta property=\"og:url\" content=\"https:\/\/previa.sobratafe.com.br\/en\/cadastro\/\" \/>\n<meta property=\"og:site_name\" content=\"Sobratafe - Sociedade Brasileira de Tratamento Avan\u00e7ado em Feridas\" \/>\n<meta property=\"article:publisher\" content=\"https:\/\/www.facebook.com\/sobratafe\" \/>\n<meta property=\"article:modified_time\" content=\"2026-01-12T19:23:55+00:00\" \/>\n<meta property=\"og:image\" content=\"https:\/\/previa.sobratafe.com.br\/wp-content\/uploads\/2026\/01\/teaser-internas.png\" \/>\n\t<meta property=\"og:image:width\" content=\"2133\" \/>\n\t<meta property=\"og:image:height\" content=\"640\" \/>\n\t<meta property=\"og:image:type\" content=\"image\/png\" \/>\n<meta name=\"twitter:card\" content=\"summary_large_image\" \/>\n<meta name=\"twitter:label1\" content=\"Est. reading time\" \/>\n\t<meta name=\"twitter:data1\" content=\"1 minute\" \/>\n<script type=\"application\/ld+json\" class=\"yoast-schema-graph\">{\"@context\":\"https:\/\/schema.org\",\"@graph\":[{\"@type\":\"WebPage\",\"@id\":\"https:\/\/previa.sobratafe.com.br\/cadastro\/\",\"url\":\"https:\/\/previa.sobratafe.com.br\/cadastro\/\",\"name\":\"Associe-se - Sobratafe - Sociedade Brasileira de Tratamento Avan\u00e7ado em Feridas\",\"isPartOf\":{\"@id\":\"https:\/\/previa.sobratafe.com.br\/#website\"},\"primaryImageOfPage\":{\"@id\":\"https:\/\/previa.sobratafe.com.br\/cadastro\/#primaryimage\"},\"image\":{\"@id\":\"https:\/\/previa.sobratafe.com.br\/cadastro\/#primaryimage\"},\"thumbnailUrl\":\"https:\/\/previa.sobratafe.com.br\/wp-content\/uploads\/2026\/01\/teaser-internas.png\",\"datePublished\":\"2026-01-08T13:15:05+00:00\",\"dateModified\":\"2026-01-12T19:23:55+00:00\",\"description\":\"Torne-se um associado da SOBRATAFE gratuitamente e tenha benef\u00edcios exclusivos em cursos e eventos especializados no tratamento de feridas\",\"breadcrumb\":{\"@id\":\"https:\/\/previa.sobratafe.com.br\/cadastro\/#breadcrumb\"},\"inLanguage\":\"en-US\",\"potentialAction\":[{\"@type\":\"ReadAction\",\"target\":[\"https:\/\/previa.sobratafe.com.br\/cadastro\/\"]}]},{\"@type\":\"ImageObject\",\"inLanguage\":\"en-US\",\"@id\":\"https:\/\/previa.sobratafe.com.br\/cadastro\/#primaryimage\",\"url\":\"https:\/\/previa.sobratafe.com.br\/wp-content\/uploads\/2026\/01\/teaser-internas.png\",\"contentUrl\":\"https:\/\/previa.sobratafe.com.br\/wp-content\/uploads\/2026\/01\/teaser-internas.png\",\"width\":2133,\"height\":640},{\"@type\":\"BreadcrumbList\",\"@id\":\"https:\/\/previa.sobratafe.com.br\/cadastro\/#breadcrumb\",\"itemListElement\":[{\"@type\":\"ListItem\",\"position\":1,\"name\":\"In\u00edcio\",\"item\":\"https:\/\/previa.sobratafe.com.br\/\"},{\"@type\":\"ListItem\",\"position\":2,\"name\":\"Associe-se\"}]},{\"@type\":\"WebSite\",\"@id\":\"https:\/\/previa.sobratafe.com.br\/#website\",\"url\":\"https:\/\/previa.sobratafe.com.br\/\",\"name\":\"SOBRATAFE - Sociedade Brasileira de Tratamento Avan\u00e7ado em Feridas\",\"description\":\"Organiza\u00e7\u00e3o de refer\u00eancia para a preven\u00e7\u00e3o e o tratamento de feridas no Brasil, comprometida com o aprimoramento do tratamento de feridas para profissionais por meio da educa\u00e7\u00e3o e da pesquisa\",\"publisher\":{\"@id\":\"https:\/\/previa.sobratafe.com.br\/#organization\"},\"alternateName\":\"SOBRATAFE\",\"potentialAction\":[{\"@type\":\"SearchAction\",\"target\":{\"@type\":\"EntryPoint\",\"urlTemplate\":\"https:\/\/previa.sobratafe.com.br\/?s={search_term_string}\"},\"query-input\":{\"@type\":\"PropertyValueSpecification\",\"valueRequired\":true,\"valueName\":\"search_term_string\"}}],\"inLanguage\":\"en-US\"},{\"@type\":\"Organization\",\"@id\":\"https:\/\/previa.sobratafe.com.br\/#organization\",\"name\":\"SOBRATAFE - Sociedade Brasileira de Tratamento Avan\u00e7ado em Feridas\",\"url\":\"https:\/\/previa.sobratafe.com.br\/\",\"logo\":{\"@type\":\"ImageObject\",\"inLanguage\":\"en-US\",\"@id\":\"https:\/\/previa.sobratafe.com.br\/#\/schema\/logo\/image\/\",\"url\":\"https:\/\/previa.sobratafe.com.br\/wp-content\/uploads\/2026\/01\/logo-sobratafe.jpg\",\"contentUrl\":\"https:\/\/previa.sobratafe.com.br\/wp-content\/uploads\/2026\/01\/logo-sobratafe.jpg\",\"width\":1080,\"height\":435,\"caption\":\"SOBRATAFE - Sociedade Brasileira de Tratamento Avan\u00e7ado em Feridas\"},\"image\":{\"@id\":\"https:\/\/previa.sobratafe.com.br\/#\/schema\/logo\/image\/\"},\"sameAs\":[\"https:\/\/www.facebook.com\/sobratafe\",\"https:\/\/www.linkedin.com\/in\/sobratafe-oficial-938708214\/\",\"https:\/\/www.instagram.com\/sobratafeoficial\/\"]}]}<\/script>\n<!-- \/ Yoast SEO plugin. -->","yoast_head_json":{"title":"Associe-se - Sobratafe - Sociedade Brasileira de Tratamento Avan\u00e7ado em Feridas","description":"Torne-se um associado da SOBRATAFE gratuitamente e tenha benef\u00edcios exclusivos em cursos e eventos especializados no tratamento de feridas","robots":{"index":"noindex","follow":"follow","max-snippet":"max-snippet:-1","max-image-preview":"max-image-preview:large","max-video-preview":"max-video-preview:-1"},"og_locale":"en_US","og_type":"article","og_title":"Associe-se - Sobratafe - Sociedade Brasileira de Tratamento Avan\u00e7ado em Feridas","og_description":"Torne-se um associado da SOBRATAFE gratuitamente e tenha benef\u00edcios exclusivos em cursos e eventos especializados no tratamento de feridas","og_url":"https:\/\/previa.sobratafe.com.br\/en\/cadastro\/","og_site_name":"Sobratafe - Sociedade Brasileira de Tratamento Avan\u00e7ado em Feridas","article_publisher":"https:\/\/www.facebook.com\/sobratafe","article_modified_time":"2026-01-12T19:23:55+00:00","og_image":[{"width":2133,"height":640,"url":"https:\/\/previa.sobratafe.com.br\/wp-content\/uploads\/2026\/01\/teaser-internas.png","type":"image\/png"}],"twitter_card":"summary_large_image","twitter_misc":{"Est. reading time":"1 minute"},"schema":{"@context":"https:\/\/schema.org","@graph":[{"@type":"WebPage","@id":"https:\/\/previa.sobratafe.com.br\/cadastro\/","url":"https:\/\/previa.sobratafe.com.br\/cadastro\/","name":"Associe-se - Sobratafe - Sociedade Brasileira de Tratamento Avan\u00e7ado em Feridas","isPartOf":{"@id":"https:\/\/previa.sobratafe.com.br\/#website"},"primaryImageOfPage":{"@id":"https:\/\/previa.sobratafe.com.br\/cadastro\/#primaryimage"},"image":{"@id":"https:\/\/previa.sobratafe.com.br\/cadastro\/#primaryimage"},"thumbnailUrl":"https:\/\/previa.sobratafe.com.br\/wp-content\/uploads\/2026\/01\/teaser-internas.png","datePublished":"2026-01-08T13:15:05+00:00","dateModified":"2026-01-12T19:23:55+00:00","description":"Torne-se um associado da SOBRATAFE gratuitamente e tenha benef\u00edcios exclusivos em cursos e eventos especializados no tratamento de feridas","breadcrumb":{"@id":"https:\/\/previa.sobratafe.com.br\/cadastro\/#breadcrumb"},"inLanguage":"en-US","potentialAction":[{"@type":"ReadAction","target":["https:\/\/previa.sobratafe.com.br\/cadastro\/"]}]},{"@type":"ImageObject","inLanguage":"en-US","@id":"https:\/\/previa.sobratafe.com.br\/cadastro\/#primaryimage","url":"https:\/\/previa.sobratafe.com.br\/wp-content\/uploads\/2026\/01\/teaser-internas.png","contentUrl":"https:\/\/previa.sobratafe.com.br\/wp-content\/uploads\/2026\/01\/teaser-internas.png","width":2133,"height":640},{"@type":"BreadcrumbList","@id":"https:\/\/previa.sobratafe.com.br\/cadastro\/#breadcrumb","itemListElement":[{"@type":"ListItem","position":1,"name":"In\u00edcio","item":"https:\/\/previa.sobratafe.com.br\/"},{"@type":"ListItem","position":2,"name":"Associe-se"}]},{"@type":"WebSite","@id":"https:\/\/previa.sobratafe.com.br\/#website","url":"https:\/\/previa.sobratafe.com.br\/","name":"SOBRATAFE - Sociedade Brasileira de Tratamento Avan\u00e7ado em Feridas","description":"A reference organization for the prevention and treatment of wounds in Brazil, committed to improving wound care for professionals through education and research.","publisher":{"@id":"https:\/\/previa.sobratafe.com.br\/#organization"},"alternateName":"SOBRATAFE","potentialAction":[{"@type":"SearchAction","target":{"@type":"EntryPoint","urlTemplate":"https:\/\/previa.sobratafe.com.br\/?s={search_term_string}"},"query-input":{"@type":"PropertyValueSpecification","valueRequired":true,"valueName":"search_term_string"}}],"inLanguage":"en-US"},{"@type":"Organization","@id":"https:\/\/previa.sobratafe.com.br\/#organization","name":"SOBRATAFE - Sociedade Brasileira de Tratamento Avan\u00e7ado em Feridas","url":"https:\/\/previa.sobratafe.com.br\/","logo":{"@type":"ImageObject","inLanguage":"en-US","@id":"https:\/\/previa.sobratafe.com.br\/#\/schema\/logo\/image\/","url":"https:\/\/previa.sobratafe.com.br\/wp-content\/uploads\/2026\/01\/logo-sobratafe.jpg","contentUrl":"https:\/\/previa.sobratafe.com.br\/wp-content\/uploads\/2026\/01\/logo-sobratafe.jpg","width":1080,"height":435,"caption":"SOBRATAFE - Sociedade Brasileira de Tratamento Avan\u00e7ado em Feridas"},"image":{"@id":"https:\/\/previa.sobratafe.com.br\/#\/schema\/logo\/image\/"},"sameAs":["https:\/\/www.facebook.com\/sobratafe","https:\/\/www.linkedin.com\/in\/sobratafe-oficial-938708214\/","https:\/\/www.instagram.com\/sobratafeoficial\/"]}]}},"_links":{"self":[{"href":"https:\/\/previa.sobratafe.com.br\/en\/wp-json\/wp\/v2\/pages\/182","targetHints":{"allow":["GET"]}}],"collection":[{"href":"https:\/\/previa.sobratafe.com.br\/en\/wp-json\/wp\/v2\/pages"}],"about":[{"href":"https:\/\/previa.sobratafe.com.br\/en\/wp-json\/wp\/v2\/types\/page"}],"author":[{"embeddable":true,"href":"https:\/\/previa.sobratafe.com.br\/en\/wp-json\/wp\/v2\/users\/1"}],"replies":[{"embeddable":true,"href":"https:\/\/previa.sobratafe.com.br\/en\/wp-json\/wp\/v2\/comments?post=182"}],"version-history":[{"count":10,"href":"https:\/\/previa.sobratafe.com.br\/en\/wp-json\/wp\/v2\/pages\/182\/revisions"}],"predecessor-version":[{"id":461,"href":"https:\/\/previa.sobratafe.com.br\/en\/wp-json\/wp\/v2\/pages\/182\/revisions\/461"}],"wp:featuredmedia":[{"embeddable":true,"href":"https:\/\/previa.sobratafe.com.br\/en\/wp-json\/wp\/v2\/media\/396"}],"wp:attachment":[{"href":"https:\/\/previa.sobratafe.com.br\/en\/wp-json\/wp\/v2\/media?parent=182"}],"curies":[{"name":"wp","href":"https:\/\/api.w.org\/{rel}","templated":true}]}}