{"id":11,"date":"2026-01-07T10:41:08","date_gmt":"2026-01-07T13:41:08","guid":{"rendered":"https:\/\/previa.sobratafe.com.br\/?page_id=11"},"modified":"2026-01-27T09:16:43","modified_gmt":"2026-01-27T12:16:43","slug":"home","status":"publish","type":"page","link":"https:\/\/previa.sobratafe.com.br\/en\/","title":{"rendered":"Home"},"content":{"rendered":"<div class=\"wpb-content-wrapper\"><div class=\"vc_row wpb_row vc_row-fluid vc_custom_1768316068922\"><div class=\"wpb_column vc_column_container vc_col-sm-12\"><div class=\"vc_column-inner\"><div class=\"wpb_wrapper\">\n\t<div class=\"wpb_text_column wpb_content_element\" >\n\t\t<div class=\"wpb_wrapper\">\n\t\t\t\n\t\t\t\t<p class=\"rs-p-wp-fix\"><\/p>\n\t\t\t\t<sr7-module data-alias=\"slider-1\" data-id=\"1\" id=\"SR7_1_1\" class=\"rs-ov-hidden\" data-version=\"6.7.35\">\n\t\t\t\t\t<sr7-adjuster><\/sr7-adjuster>\n\t\t\t\t\t<sr7-content>\n\t\t\t\t\t\t<sr7-slide id=\"SR7_1_1-1\" data-key=\"1\">\n\t\t\t\t\t\t\t<sr7-bg id=\"SR7_1_1-1-3\" class=\"sr7-layer\"><noscript><img decoding=\"async\" src=\"https:\/\/previa.sobratafe.com.br\/wp-content\/uploads\/2026\/01\/carousel-02.jpg\" alt=\"\" title=\"carousel-02\"><\/noscript><\/sr7-bg>\n\t\t\t\t\t\t\t<sr7-txt id=\"SR7_1_1-1-0\" class=\"sr7-layer\">Brazilian Society for Advanced Wound Treatment<\/sr7-txt>\n\t\t\t\t\t\t\t<sr7-txt id=\"SR7_1_1-1-1\" class=\"sr7-layer\">A reference organization for the prevention and treatment of wounds in Brazil, committed to improving wound care for professionals through education and research.<\/sr7-txt>\n\t\t\t\t\t\t\t<a id=\"SR7_1_1-1-2\" class=\"sr7-layer\" href=\"#sobre\" target=\"_self\">More details<\/a>\n\t\t\t\t\t\t<\/sr7-slide>\n\t\t\t\t\t\t<sr7-slide id=\"SR7_1_1-2\" data-key=\"2\">\n\t\t\t\t\t\t<\/sr7-slide>\n\t\t\t\t\t<\/sr7-content>\n\t\t\t\t\t<image_lists style=\"display:none\">\n\t\t\t\t\t\t<img data-src=\"\/\/previa.sobratafe.com.br\/wp-content\/uploads\/2026\/01\/carousel-02.jpg\" data-libid=\"397\" data-lib=\"medialibrary\" title=\"carousel-02\" width=\"0\" height=\"0\" data-dbsrc=\"Ly9wcmV2aWEuc29icmF0YWZlLmNvbS5ici93cC1jb250ZW50L3VwbG9hZHMvMjAyNi8wMS9jYXJvdXNlbC0wMi5qcGc=\"\/>\n\t\t\t\t\t<\/image_lists>\n\t\t\t\t<\/sr7-module>\n\t\t\t\t<script>\n\t\t\t\t\tSR7.PMH ??={}; SR7.PMH[\"SR7_1_1\"] = {cn:100,state:false,fn: function() { if (_tpt!==undefined && _tpt.prepareModuleHeight !== undefined) {  _tpt.prepareModuleHeight({id:\"SR7_1_1\",el:[725,725,725,725,520],type:'standard',shdw:'0',gh:[725,725,725,725,520],gw:[1240,1240,1240,778,480],vpt:['-100px&#039;,&#039;-100px&#039;,&#039;-100px&#039;,&#039;-100px&#039;,&#039;-100px'],size:{fullWidth:true, fullHeight:false},mh:'0',onh:0,onw:0,bg:{color:'{\"orig\":\"transparent\",\"type\":\"solid\",\"string\":\"transparent\"}'}});   SR7.PMH[\"SR7_1_1\"].state=true;} else if(SR7.PMH[\"SR7_1_1\"].cn-->0)\tsetTimeout( SR7.PMH[\"SR7_1_1\"].fn,19);}};SR7.PMH[\"SR7_1_1\" ].fn();\n\t\t\t\t<\/script>\n\n\n\t\t<\/div>\n\t<\/div>\n<\/div><\/div><\/div><\/div><div id=\"sobre\" class=\"vc_row wpb_row vc_row-fluid vc_column-gap-30 vc_row-o-content-middle vc_row-flex\"><div class=\"wpb_column vc_column_container vc_col-sm-6\"><div class=\"vc_column-inner\"><div class=\"wpb_wrapper\">\n\t<div  class=\"wpb_single_image wpb_content_element vc_align_center wpb_content_element vc_custom_1768317462180\">\n\t\t\n\t\t<figure class=\"wpb_wrapper vc_figure\">\n\t\t\t<div class=\"vc_single_image-wrapper   vc_box_border_grey\"><img loading=\"lazy\" decoding=\"async\" width=\"653\" height=\"686\" src=\"https:\/\/previa.sobratafe.com.br\/wp-content\/uploads\/2026\/01\/icon-sobratafe1.jpg\" class=\"vc_single_image-img attachment-full\" alt=\"\" title=\"icon-sobratafe1\" srcset=\"https:\/\/previa.sobratafe.com.br\/wp-content\/uploads\/2026\/01\/icon-sobratafe1.jpg 653w, https:\/\/previa.sobratafe.com.br\/wp-content\/uploads\/2026\/01\/icon-sobratafe1-286x300.jpg 286w\" sizes=\"auto, (max-width: 653px) 100vw, 653px\" \/><\/div>\n\t\t<\/figure>\n\t<\/div>\n<\/div><\/div><\/div><div class=\"wpb_column vc_column_container vc_col-sm-6\"><div class=\"vc_column-inner\"><div class=\"wpb_wrapper\">\n\t<div class=\"wpb_text_column wpb_content_element\" >\n\t\t<div class=\"wpb_wrapper\">\n\t\t\t<h2>SOBRATAFE<\/h2>\n<p>A <strong>Brazilian Society for Advanced Wound Treatment<\/strong>, a <strong>SOBRATAFE<\/strong>, was created in 2005 with the aim of promoting, encouraging, contributing to and stimulating education, study, awareness of preventive aspects and the practice of advanced wound care, in an objective and accessible way for everyone.<\/p>\n<p>We are a multi-professional team that works in all areas involved in the treatment and prevention of wounds.<\/p>\n<p><a class=\"btn btn-primary\" title=\"Read more\" href=\"\/en\/a-sobratafe\/\">Read more<\/a><\/p>\n\n\t\t<\/div>\n\t<\/div>\n<\/div><\/div><\/div><\/div><div id=\"retrospectiva\" data-vc-full-width=\"true\" data-vc-full-width-temp=\"true\" data-vc-full-width-init=\"false\" class=\"vc_row wpb_row vc_row-fluid vc_custom_1768316130887 vc_row-o-content-middle vc_row-flex\"><div class=\"wpb_column vc_column_container vc_col-sm-12\"><div class=\"vc_column-inner\"><div class=\"wpb_wrapper\">\n\t<div class=\"wpb_raw_code wpb_raw_html wpb_content_element\" >\n\t\t<div class=\"wpb_wrapper\">\n\t\t\t<div class=\"container\">\n    <video width=\"100%\" controls class=\"video-retrospectiva\">\n      <source src=\"https:\/\/previa.sobratafe.com.br\/wp-content\/uploads\/2026\/01\/retrospectiva_sobratafe_2025_en.mp4\" type=\"video\/mp4\">\n      Your browser doesn't support the video element.\n    <\/video>\n<\/div>\n\t\t<\/div>\n\t<\/div>\n<\/div><\/div><\/div><\/div><div class=\"vc_row-full-width vc_clearfix\"><\/div><div id=\"associe\" class=\"vc_row wpb_row vc_row-fluid shadow-lg vc_column-gap-30 vc_row-o-content-bottom vc_row-flex\"><div class=\"wpb_column vc_column_container vc_col-sm-6\"><div class=\"vc_column-inner\"><div class=\"wpb_wrapper\">\n\t<div class=\"wpb_text_column wpb_content_element\" >\n\t\t<div class=\"wpb_wrapper\">\n\t\t\t<h2 class=\"text-white\">Join us<\/h2>\n<p class=\"text-white\">Become a member of <strong>SOBRATAFE <\/strong>is to have access to a content of more than 200 lessons by national and international experts, articles, as well as exclusive discounts for national and international congresses, courses, seminars and other events coordinated by <strong>SOBRATAFE<\/strong> and partner companies.<\/p>\n\n\t\t<\/div>\n\t<\/div>\n<\/div><\/div><\/div><div class=\"text-center wpb_column vc_column_container vc_col-sm-6\"><div class=\"vc_column-inner\"><div class=\"wpb_wrapper\">\n\t<div class=\"wpb_text_column wpb_content_element\" >\n\t\t<div class=\"wpb_wrapper\">\n\t\t\t<p><a class=\"btn btn-primary\" title=\"Read more\" href=\"\/en\/cadastro\/\">Read more<\/a><\/p>\n\n\t\t<\/div>\n\t<\/div>\n<\/div><\/div><\/div><\/div><div id=\"eventos\" data-vc-full-width=\"true\" data-vc-full-width-temp=\"true\" data-vc-full-width-init=\"false\" class=\"vc_row wpb_row vc_row-fluid bg-degrade vc_custom_1767981823621 vc_column-gap-30 vc_row-o-content-middle vc_row-flex\"><div class=\"wpb_column vc_column_container vc_col-sm-6\"><div class=\"vc_column-inner\"><div class=\"wpb_wrapper\">\n\t<div class=\"wpb_text_column wpb_content_element\" >\n\t\t<div class=\"wpb_wrapper\">\n\t\t\t<h2>Events<\/h2>\n<p>Throughout its history, the <strong>SOBRATAFE<\/strong> has excelled in creating multidisciplinary events, where the main objective is to disseminate new treatments, techniques, products and services for the advanced treatment of wounds, both nationally and internationally, as well as promoting integration between different areas and specialties with the aim of promoting a better quality of life for patients with wounds.<\/p>\n<p><a class=\"btn btn-secondary mr-2\" title=\"Read more\" href=\"\/en\/eventos\/\">Read more<\/a><a class=\"btn btn-primary\" title=\"See all\" href=\"\/en\/eventos\/\">See all<\/a><\/p>\n\n\t\t<\/div>\n\t<\/div>\n<\/div><\/div><\/div><div class=\"wpb_column vc_column_container vc_col-sm-6\"><div class=\"vc_column-inner\"><div class=\"wpb_wrapper\">\n\t<div  class=\"wpb_single_image wpb_content_element vc_align_center wpb_content_element  img-destaque-eventos\">\n\t\t\n\t\t<figure class=\"wpb_wrapper vc_figure\">\n\t\t\t<a href=\"\/en\/eventos\/\" target=\"_self\" class=\"vc_single_image-wrapper   vc_box_border_grey\"><img loading=\"lazy\" decoding=\"async\" width=\"1200\" height=\"1200\" src=\"https:\/\/previa.sobratafe.com.br\/wp-content\/uploads\/2026\/01\/convite_wuwhs_2026_malasia.jpg\" class=\"vc_single_image-img attachment-full\" alt=\"\" title=\"WUWHS 2026 Malaysia\" srcset=\"https:\/\/previa.sobratafe.com.br\/wp-content\/uploads\/2026\/01\/convite_wuwhs_2026_malasia.jpg 1200w, https:\/\/previa.sobratafe.com.br\/wp-content\/uploads\/2026\/01\/convite_wuwhs_2026_malasia-300x300.jpg 300w, https:\/\/previa.sobratafe.com.br\/wp-content\/uploads\/2026\/01\/convite_wuwhs_2026_malasia-1024x1024.jpg 1024w, https:\/\/previa.sobratafe.com.br\/wp-content\/uploads\/2026\/01\/convite_wuwhs_2026_malasia-150x150.jpg 150w, https:\/\/previa.sobratafe.com.br\/wp-content\/uploads\/2026\/01\/convite_wuwhs_2026_malasia-768x768.jpg 768w\" sizes=\"auto, (max-width: 1200px) 100vw, 1200px\" \/><\/a>\n\t\t<\/figure>\n\t<\/div>\n<\/div><\/div><\/div><\/div><div class=\"vc_row-full-width vc_clearfix\"><\/div><div id=\"cursos\" data-vc-full-width=\"true\" data-vc-full-width-temp=\"true\" data-vc-full-width-init=\"false\" class=\"vc_row wpb_row vc_row-fluid bg-degrade vc_custom_1768332895981 vc_column-gap-30 vc_row-o-content-middle vc_row-flex\"><div class=\"wpb_column vc_column_container vc_col-sm-6\"><div class=\"vc_column-inner\"><div class=\"wpb_wrapper\">\n\t<div  class=\"wpb_single_image wpb_content_element vc_align_center wpb_content_element vc_custom_1769516198492  img-destaque-eventos\">\n\t\t\n\t\t<figure class=\"wpb_wrapper vc_figure\">\n\t\t\t<a href=\"\/en\/cursos\/\" target=\"_self\" class=\"vc_single_image-wrapper   vc_box_border_grey\"><img loading=\"lazy\" decoding=\"async\" width=\"1181\" height=\"1181\" src=\"https:\/\/previa.sobratafe.com.br\/wp-content\/uploads\/2026\/01\/curso-tratamento-medio-grande-queimado-280226.jpeg\" class=\"vc_single_image-img attachment-full\" alt=\"\" title=\"Multidisciplinary Course on the Treatment of Medium and Large Burn Victims\" srcset=\"https:\/\/previa.sobratafe.com.br\/wp-content\/uploads\/2026\/01\/curso-tratamento-medio-grande-queimado-280226.jpeg 1181w, https:\/\/previa.sobratafe.com.br\/wp-content\/uploads\/2026\/01\/curso-tratamento-medio-grande-queimado-280226-300x300.jpeg 300w, https:\/\/previa.sobratafe.com.br\/wp-content\/uploads\/2026\/01\/curso-tratamento-medio-grande-queimado-280226-1024x1024.jpeg 1024w, https:\/\/previa.sobratafe.com.br\/wp-content\/uploads\/2026\/01\/curso-tratamento-medio-grande-queimado-280226-150x150.jpeg 150w, https:\/\/previa.sobratafe.com.br\/wp-content\/uploads\/2026\/01\/curso-tratamento-medio-grande-queimado-280226-768x768.jpeg 768w\" sizes=\"auto, (max-width: 1181px) 100vw, 1181px\" \/><\/a>\n\t\t<\/figure>\n\t<\/div>\n<\/div><\/div><\/div><div class=\"wpb_column vc_column_container vc_col-sm-6\"><div class=\"vc_column-inner\"><div class=\"wpb_wrapper\">\n\t<div class=\"wpb_text_column wpb_content_element\" >\n\t\t<div class=\"wpb_wrapper\">\n\t\t\t<h2>Take part in SOBRATAFE courses<\/h2>\n<p>Our courses promote collaboration between different areas of health, strengthening true teamwork.<\/p>\n<p>Being a member of <strong>SOBRATAFE<\/strong> and participating in their courses and congresses is to invest in training that will raise the quality of care and have a direct impact on your decision-making and the lives of patients.<br \/>\nDon't miss the opportunity to be part of this journey of learning, evolution and commitment to excellence.<\/p>\n<p><a class=\"btn btn-secondary mr-2\" title=\"Read more\" href=\"\/en\/cursos\/\">Read more<\/a><a class=\"btn btn-primary\" title=\"See all\" href=\"\/en\/cursos\/\">See all<\/a><\/p>\n\n\t\t<\/div>\n\t<\/div>\n<\/div><\/div><\/div><\/div><div class=\"vc_row-full-width vc_clearfix\"><\/div><div id=\"papo-feridas\" class=\"vc_row wpb_row vc_row-fluid flex-row-reverse vc_column-gap-30 vc_row-o-content-middle vc_row-flex\"><div class=\"wpb_column vc_column_container vc_col-sm-6\"><div class=\"vc_column-inner\"><div class=\"wpb_wrapper\">\n\t<div class=\"wpb_text_column wpb_content_element\" >\n\t\t<div class=\"wpb_wrapper\">\n\t\t\t<h2>Canal Papo de Feridas<\/h2>\n<p><img loading=\"lazy\" decoding=\"async\" class=\"alignnone size-full wp-image-108\" style=\"margin-bottom: 20px;\" src=\"https:\/\/previa.sobratafe.com.br\/wp-content\/uploads\/2026\/01\/logo-youtube.png\" alt=\"\" width=\"241\" height=\"52\" \/><br \/>\nAn interview channel developed by <strong>SOBRATAFE - Brazilian Society for Advanced Wound Treatment<\/strong> which welcomes specialists in Advanced Wound Care, bringing innovations, services and the latest news.<\/p>\n<p>A new episode every Saturday at 8pm.<\/p>\n<p><a class=\"btn btn-primary\" title=\"Access channel\" href=\"https:\/\/www.youtube.com\/@papodeferidas4933\" target=\"_blank\" rel=\"noopener\">Access channel<\/a><\/p>\n\n\t\t<\/div>\n\t<\/div>\n<\/div><\/div><\/div><div class=\"wpb_column vc_column_container vc_col-sm-6\"><div class=\"vc_column-inner\"><div class=\"wpb_wrapper\">\n\t<div  class=\"wpb_single_image wpb_content_element vc_align_center wpb_content_element  img-destaque-eventos\">\n\t\t\n\t\t<figure class=\"wpb_wrapper vc_figure\">\n\t\t\t<a href=\"https:\/\/www.youtube.com\/@papodeferidas4933\" target=\"_blank\" class=\"vc_single_image-wrapper   vc_box_border_grey\"><img loading=\"lazy\" decoding=\"async\" width=\"670\" height=\"377\" src=\"https:\/\/previa.sobratafe.com.br\/wp-content\/uploads\/2026\/01\/capa_canal_feridas.png\" class=\"vc_single_image-img attachment-full\" alt=\"\" title=\"Canal Papo de Feridas\" srcset=\"https:\/\/previa.sobratafe.com.br\/wp-content\/uploads\/2026\/01\/capa_canal_feridas.png 670w, https:\/\/previa.sobratafe.com.br\/wp-content\/uploads\/2026\/01\/capa_canal_feridas-300x169.png 300w\" sizes=\"auto, (max-width: 670px) 100vw, 670px\" \/><\/a>\n\t\t<\/figure>\n\t<\/div>\n<\/div><\/div><\/div><\/div>\n<\/div>","protected":false},"excerpt":{"rendered":"Sociedade Brasileira de Tratamento Avan\u00e7ado de Feridas Uma organiza\u00e7\u00e3o de refer\u00eancia para a preven\u00e7\u00e3o e o tratamento de feridas no Brasil, comprometida com o aprimoramento do tratamento de feridas para profissionais por meio da educa\u00e7\u00e3o e da pesquisa. Mais detalhes A SOBRATAFE A Sociedade Brasileira de Tratamento Avan\u00e7ado em Feridas, a SOBRATAFE, foi idealizada em [...]","protected":false},"author":1,"featured_media":0,"parent":0,"menu_order":0,"comment_status":"closed","ping_status":"closed","template":"","meta":{"footnotes":""},"class_list":["post-11","page","type-page","status-publish","hentry"],"yoast_head":"<!-- This site is optimized with the Yoast SEO plugin v26.7 - https:\/\/yoast.com\/wordpress\/plugins\/seo\/ -->\n<title>Home - Sobratafe - Sociedade Brasileira de Tratamento Avan\u00e7ado em Feridas<\/title>\n<meta name=\"description\" content=\"Organiza\u00e7\u00e3o de refer\u00eancia para a preven\u00e7\u00e3o e o tratamento de feridas no Brasil, comprometida com o aprimoramento do tratamento de feridas para profissionais por meio da educa\u00e7\u00e3o e da pesquisa\" \/>\n<meta name=\"robots\" content=\"noindex, follow, max-snippet:-1, max-image-preview:large, max-video-preview:-1\" \/>\n<meta property=\"og:locale\" content=\"en_US\" \/>\n<meta property=\"og:type\" content=\"article\" \/>\n<meta property=\"og:title\" content=\"Home - Sobratafe - Sociedade Brasileira de Tratamento Avan\u00e7ado em Feridas\" \/>\n<meta property=\"og:description\" content=\"Organiza\u00e7\u00e3o de refer\u00eancia para a preven\u00e7\u00e3o e o tratamento de feridas no Brasil, comprometida com o aprimoramento do tratamento de feridas para profissionais por meio da educa\u00e7\u00e3o e da pesquisa\" \/>\n<meta property=\"og:url\" content=\"https:\/\/previa.sobratafe.com.br\/en\/\" \/>\n<meta property=\"og:site_name\" content=\"Sobratafe - Sociedade Brasileira de Tratamento Avan\u00e7ado em Feridas\" \/>\n<meta property=\"article:publisher\" content=\"https:\/\/www.facebook.com\/sobratafe\" \/>\n<meta property=\"article:modified_time\" content=\"2026-01-27T12:16:43+00:00\" \/>\n<meta property=\"og:image\" content=\"https:\/\/previa.sobratafe.com.br\/wp-content\/uploads\/2026\/01\/logo-youtube.png\" \/>\n<meta name=\"twitter:card\" content=\"summary_large_image\" \/>\n<meta name=\"twitter:label1\" content=\"Est. reading time\" \/>\n\t<meta name=\"twitter:data1\" content=\"3 minutes\" \/>\n<script type=\"application\/ld+json\" class=\"yoast-schema-graph\">{\"@context\":\"https:\/\/schema.org\",\"@graph\":[{\"@type\":\"WebPage\",\"@id\":\"https:\/\/previa.sobratafe.com.br\/\",\"url\":\"https:\/\/previa.sobratafe.com.br\/\",\"name\":\"Home - Sobratafe - Sociedade Brasileira de Tratamento Avan\u00e7ado em Feridas\",\"isPartOf\":{\"@id\":\"https:\/\/previa.sobratafe.com.br\/#website\"},\"primaryImageOfPage\":{\"@id\":\"https:\/\/previa.sobratafe.com.br\/#primaryimage\"},\"image\":{\"@id\":\"https:\/\/previa.sobratafe.com.br\/#primaryimage\"},\"thumbnailUrl\":\"https:\/\/previa.sobratafe.com.br\/wp-content\/uploads\/2026\/01\/logo-youtube.png\",\"datePublished\":\"2026-01-07T13:41:08+00:00\",\"dateModified\":\"2026-01-27T12:16:43+00:00\",\"description\":\"Organiza\u00e7\u00e3o de refer\u00eancia para a preven\u00e7\u00e3o e o tratamento de feridas no Brasil, comprometida com o aprimoramento do tratamento de feridas para profissionais por meio da educa\u00e7\u00e3o e da pesquisa\",\"breadcrumb\":{\"@id\":\"https:\/\/previa.sobratafe.com.br\/#breadcrumb\"},\"inLanguage\":\"en-US\",\"potentialAction\":[{\"@type\":\"ReadAction\",\"target\":[\"https:\/\/previa.sobratafe.com.br\/\"]}]},{\"@type\":\"ImageObject\",\"inLanguage\":\"en-US\",\"@id\":\"https:\/\/previa.sobratafe.com.br\/#primaryimage\",\"url\":\"https:\/\/previa.sobratafe.com.br\/wp-content\/uploads\/2026\/01\/logo-youtube.png\",\"contentUrl\":\"https:\/\/previa.sobratafe.com.br\/wp-content\/uploads\/2026\/01\/logo-youtube.png\"},{\"@type\":\"BreadcrumbList\",\"@id\":\"https:\/\/previa.sobratafe.com.br\/#breadcrumb\",\"itemListElement\":[{\"@type\":\"ListItem\",\"position\":1,\"name\":\"In\u00edcio\",\"item\":\"https:\/\/previa.sobratafe.com.br\/\"},{\"@type\":\"ListItem\",\"position\":2,\"name\":\"Home\"}]},{\"@type\":\"WebSite\",\"@id\":\"https:\/\/previa.sobratafe.com.br\/#website\",\"url\":\"https:\/\/previa.sobratafe.com.br\/\",\"name\":\"SOBRATAFE - Sociedade Brasileira de Tratamento Avan\u00e7ado em Feridas\",\"description\":\"Organiza\u00e7\u00e3o de refer\u00eancia para a preven\u00e7\u00e3o e o tratamento de feridas no Brasil, comprometida com o aprimoramento do tratamento de feridas para profissionais por meio da educa\u00e7\u00e3o e da pesquisa\",\"publisher\":{\"@id\":\"https:\/\/previa.sobratafe.com.br\/#organization\"},\"alternateName\":\"SOBRATAFE\",\"potentialAction\":[{\"@type\":\"SearchAction\",\"target\":{\"@type\":\"EntryPoint\",\"urlTemplate\":\"https:\/\/previa.sobratafe.com.br\/?s={search_term_string}\"},\"query-input\":{\"@type\":\"PropertyValueSpecification\",\"valueRequired\":true,\"valueName\":\"search_term_string\"}}],\"inLanguage\":\"en-US\"},{\"@type\":\"Organization\",\"@id\":\"https:\/\/previa.sobratafe.com.br\/#organization\",\"name\":\"SOBRATAFE - Sociedade Brasileira de Tratamento Avan\u00e7ado em Feridas\",\"url\":\"https:\/\/previa.sobratafe.com.br\/\",\"logo\":{\"@type\":\"ImageObject\",\"inLanguage\":\"en-US\",\"@id\":\"https:\/\/previa.sobratafe.com.br\/#\/schema\/logo\/image\/\",\"url\":\"https:\/\/previa.sobratafe.com.br\/wp-content\/uploads\/2026\/01\/logo-sobratafe.jpg\",\"contentUrl\":\"https:\/\/previa.sobratafe.com.br\/wp-content\/uploads\/2026\/01\/logo-sobratafe.jpg\",\"width\":1080,\"height\":435,\"caption\":\"SOBRATAFE - Sociedade Brasileira de Tratamento Avan\u00e7ado em Feridas\"},\"image\":{\"@id\":\"https:\/\/previa.sobratafe.com.br\/#\/schema\/logo\/image\/\"},\"sameAs\":[\"https:\/\/www.facebook.com\/sobratafe\",\"https:\/\/www.linkedin.com\/in\/sobratafe-oficial-938708214\/\",\"https:\/\/www.instagram.com\/sobratafeoficial\/\"]}]}<\/script>\n<!-- \/ Yoast SEO plugin. -->","yoast_head_json":{"title":"Home - Sobratafe - Sociedade Brasileira de Tratamento Avan\u00e7ado em Feridas","description":"A reference organization for the prevention and treatment of wounds in Brazil, committed to improving wound care for professionals through education and research.","robots":{"index":"noindex","follow":"follow","max-snippet":"max-snippet:-1","max-image-preview":"max-image-preview:large","max-video-preview":"max-video-preview:-1"},"og_locale":"en_US","og_type":"article","og_title":"Home - Sobratafe - Sociedade Brasileira de Tratamento Avan\u00e7ado em Feridas","og_description":"Organiza\u00e7\u00e3o de refer\u00eancia para a preven\u00e7\u00e3o e o tratamento de feridas no Brasil, comprometida com o aprimoramento do tratamento de feridas para profissionais por meio da educa\u00e7\u00e3o e da pesquisa","og_url":"https:\/\/previa.sobratafe.com.br\/en\/","og_site_name":"Sobratafe - Sociedade Brasileira de Tratamento Avan\u00e7ado em Feridas","article_publisher":"https:\/\/www.facebook.com\/sobratafe","article_modified_time":"2026-01-27T12:16:43+00:00","og_image":[{"url":"https:\/\/previa.sobratafe.com.br\/wp-content\/uploads\/2026\/01\/logo-youtube.png","type":"","width":"","height":""}],"twitter_card":"summary_large_image","twitter_misc":{"Est. reading time":"3 minutes"},"schema":{"@context":"https:\/\/schema.org","@graph":[{"@type":"WebPage","@id":"https:\/\/previa.sobratafe.com.br\/","url":"https:\/\/previa.sobratafe.com.br\/","name":"Home - Sobratafe - Sociedade Brasileira de Tratamento Avan\u00e7ado em Feridas","isPartOf":{"@id":"https:\/\/previa.sobratafe.com.br\/#website"},"primaryImageOfPage":{"@id":"https:\/\/previa.sobratafe.com.br\/#primaryimage"},"image":{"@id":"https:\/\/previa.sobratafe.com.br\/#primaryimage"},"thumbnailUrl":"https:\/\/previa.sobratafe.com.br\/wp-content\/uploads\/2026\/01\/logo-youtube.png","datePublished":"2026-01-07T13:41:08+00:00","dateModified":"2026-01-27T12:16:43+00:00","description":"A reference organization for the prevention and treatment of wounds in Brazil, committed to improving wound care for professionals through education and research.","breadcrumb":{"@id":"https:\/\/previa.sobratafe.com.br\/#breadcrumb"},"inLanguage":"en-US","potentialAction":[{"@type":"ReadAction","target":["https:\/\/previa.sobratafe.com.br\/"]}]},{"@type":"ImageObject","inLanguage":"en-US","@id":"https:\/\/previa.sobratafe.com.br\/#primaryimage","url":"https:\/\/previa.sobratafe.com.br\/wp-content\/uploads\/2026\/01\/logo-youtube.png","contentUrl":"https:\/\/previa.sobratafe.com.br\/wp-content\/uploads\/2026\/01\/logo-youtube.png"},{"@type":"BreadcrumbList","@id":"https:\/\/previa.sobratafe.com.br\/#breadcrumb","itemListElement":[{"@type":"ListItem","position":1,"name":"In\u00edcio","item":"https:\/\/previa.sobratafe.com.br\/"},{"@type":"ListItem","position":2,"name":"Home"}]},{"@type":"WebSite","@id":"https:\/\/previa.sobratafe.com.br\/#website","url":"https:\/\/previa.sobratafe.com.br\/","name":"SOBRATAFE - Sociedade Brasileira de Tratamento Avan\u00e7ado em Feridas","description":"A reference organization for the prevention and treatment of wounds in Brazil, committed to improving wound care for professionals through education and research.","publisher":{"@id":"https:\/\/previa.sobratafe.com.br\/#organization"},"alternateName":"SOBRATAFE","potentialAction":[{"@type":"SearchAction","target":{"@type":"EntryPoint","urlTemplate":"https:\/\/previa.sobratafe.com.br\/?s={search_term_string}"},"query-input":{"@type":"PropertyValueSpecification","valueRequired":true,"valueName":"search_term_string"}}],"inLanguage":"en-US"},{"@type":"Organization","@id":"https:\/\/previa.sobratafe.com.br\/#organization","name":"SOBRATAFE - Sociedade Brasileira de Tratamento Avan\u00e7ado em Feridas","url":"https:\/\/previa.sobratafe.com.br\/","logo":{"@type":"ImageObject","inLanguage":"en-US","@id":"https:\/\/previa.sobratafe.com.br\/#\/schema\/logo\/image\/","url":"https:\/\/previa.sobratafe.com.br\/wp-content\/uploads\/2026\/01\/logo-sobratafe.jpg","contentUrl":"https:\/\/previa.sobratafe.com.br\/wp-content\/uploads\/2026\/01\/logo-sobratafe.jpg","width":1080,"height":435,"caption":"SOBRATAFE - Sociedade Brasileira de Tratamento Avan\u00e7ado em Feridas"},"image":{"@id":"https:\/\/previa.sobratafe.com.br\/#\/schema\/logo\/image\/"},"sameAs":["https:\/\/www.facebook.com\/sobratafe","https:\/\/www.linkedin.com\/in\/sobratafe-oficial-938708214\/","https:\/\/www.instagram.com\/sobratafeoficial\/"]}]}},"_links":{"self":[{"href":"https:\/\/previa.sobratafe.com.br\/en\/wp-json\/wp\/v2\/pages\/11","targetHints":{"allow":["GET"]}}],"collection":[{"href":"https:\/\/previa.sobratafe.com.br\/en\/wp-json\/wp\/v2\/pages"}],"about":[{"href":"https:\/\/previa.sobratafe.com.br\/en\/wp-json\/wp\/v2\/types\/page"}],"author":[{"embeddable":true,"href":"https:\/\/previa.sobratafe.com.br\/en\/wp-json\/wp\/v2\/users\/1"}],"replies":[{"embeddable":true,"href":"https:\/\/previa.sobratafe.com.br\/en\/wp-json\/wp\/v2\/comments?post=11"}],"version-history":[{"count":10,"href":"https:\/\/previa.sobratafe.com.br\/en\/wp-json\/wp\/v2\/pages\/11\/revisions"}],"predecessor-version":[{"id":597,"href":"https:\/\/previa.sobratafe.com.br\/en\/wp-json\/wp\/v2\/pages\/11\/revisions\/597"}],"wp:attachment":[{"href":"https:\/\/previa.sobratafe.com.br\/en\/wp-json\/wp\/v2\/media?parent=11"}],"curies":[{"name":"wp","href":"https:\/\/api.w.org\/{rel}","templated":true}]}}